{"id":169,"date":"2022-06-10T13:43:50","date_gmt":"2022-06-10T11:43:50","guid":{"rendered":"http:\/\/nagare.tech\/?page_id=169"},"modified":"2025-01-29T20:42:29","modified_gmt":"2025-01-29T19:42:29","slug":"contact","status":"publish","type":"page","link":"https:\/\/nagare.tech\/?page_id=169","title":{"rendered":"Contact"},"content":{"rendered":"\t\t<div data-elementor-type=\"wp-page\" data-elementor-id=\"169\" class=\"elementor elementor-169\">\n\t\t\t\t\t\t<section class=\"elementor-section elementor-top-section elementor-element elementor-element-69ef3d1 elementor-section-boxed elementor-section-height-default elementor-section-height-default\" data-id=\"69ef3d1\" data-element_type=\"section\" data-e-type=\"section\">\n\t\t\t\t\t\t<div class=\"elementor-container elementor-column-gap-default\">\n\t\t\t\t\t<div class=\"elementor-column elementor-col-50 elementor-top-column elementor-element elementor-element-b1914ae\" data-id=\"b1914ae\" data-element_type=\"column\" data-e-type=\"column\">\n\t\t\t<div class=\"elementor-widget-wrap elementor-element-populated\">\n\t\t\t\t\t\t<div class=\"elementor-element elementor-element-b60d119 elementor-widget elementor-widget-e_image_hover_effects\" data-id=\"b60d119\" data-element_type=\"widget\" data-e-type=\"widget\" data-widget_type=\"e_image_hover_effects.default\">\n\t\t\t\t<div class=\"elementor-widget-container\">\n\t\t\t\t\t\t\t\t<div class=\"eihe-box eihe-fade-in-up eihe_center\">\n\t\t\t\t<img fetchpriority=\"high\" decoding=\"async\" width=\"465\" height=\"603\" src=\"https:\/\/nagare.tech\/wp-content\/uploads\/2022\/06\/ID_PJ.jpg\" class=\"attachment-full size-full wp-image-340\" alt=\"\" srcset=\"https:\/\/nagare.tech\/wp-content\/uploads\/2022\/06\/ID_PJ.jpg 465w, https:\/\/nagare.tech\/wp-content\/uploads\/2022\/06\/ID_PJ-231x300.jpg 231w\" sizes=\"100vw\" \/>\t\t\t\t<div class=\"eihe-caption\">\n\t\t\t\t\t<div class=\"eihe-title-cover\">\n\t\t\t\t\t\t\t\t\t\t\t\t<h3 class=\"eihe-title\">Pierre JAMIN<\/h3>\n\t\t\t\t\t\t\t\t\t\t\t<\/div>\n\t\t\t\t\t<p>Co- g\u00e9rant<\/p>\n\t\t\t\t<\/div>\n\t\t\t<\/div>\n\t\t\t\t\t\t<\/div>\n\t\t\t\t<\/div>\n\t\t\t\t<div class=\"elementor-element elementor-element-55ab647 elementor-widget elementor-widget-text-editor\" data-id=\"55ab647\" data-element_type=\"widget\" data-e-type=\"widget\" data-widget_type=\"text-editor.default\">\n\t\t\t\t<div class=\"elementor-widget-container\">\n\t\t\t\t\t\t\t\t\t<p>PhD en Hydrog\u00e9ologie<\/p><p>+15 ann\u00e9es d&rsquo;exp\u00e9rience en hydrog\u00e9ologie<\/p>\t\t\t\t\t\t\t\t<\/div>\n\t\t\t\t<\/div>\n\t\t\t\t<div class=\"elementor-element elementor-element-18c608c elementor-widget elementor-widget-image\" data-id=\"18c608c\" data-element_type=\"widget\" data-e-type=\"widget\" data-widget_type=\"image.default\">\n\t\t\t\t<div class=\"elementor-widget-container\">\n\t\t\t\t\t\t\t\t\t\t\t\t\t\t\t<img decoding=\"async\" width=\"340\" height=\"109\" src=\"https:\/\/nagare.tech\/wp-content\/uploads\/2022\/06\/jamin.jpg\" class=\"attachment-large size-large wp-image-405\" alt=\"\" srcset=\"https:\/\/nagare.tech\/wp-content\/uploads\/2022\/06\/jamin.jpg 340w, https:\/\/nagare.tech\/wp-content\/uploads\/2022\/06\/jamin-300x96.jpg 300w\" sizes=\"100vw\" \/>\t\t\t\t\t\t\t\t\t\t\t\t\t\t\t<\/div>\n\t\t\t\t<\/div>\n\t\t\t\t\t<\/div>\n\t\t<\/div>\n\t\t\t\t<div class=\"elementor-column elementor-col-50 elementor-top-column elementor-element elementor-element-d646507\" data-id=\"d646507\" data-element_type=\"column\" data-e-type=\"column\">\n\t\t\t<div class=\"elementor-widget-wrap elementor-element-populated\">\n\t\t\t\t\t\t<div class=\"elementor-element elementor-element-4887fa4 elementor-widget elementor-widget-e_image_hover_effects\" data-id=\"4887fa4\" data-element_type=\"widget\" data-e-type=\"widget\" data-widget_type=\"e_image_hover_effects.default\">\n\t\t\t\t<div class=\"elementor-widget-container\">\n\t\t\t\t\t\t\t\t<div class=\"eihe-box eihe-fade-in-up eihe_center\">\n\t\t\t\t<img decoding=\"async\" width=\"1781\" height=\"2274\" src=\"https:\/\/nagare.tech\/wp-content\/uploads\/2022\/06\/DSC00390b.jpg\" class=\"attachment-full size-full wp-image-278\" alt=\"\" srcset=\"https:\/\/nagare.tech\/wp-content\/uploads\/2022\/06\/DSC00390b.jpg 1781w, https:\/\/nagare.tech\/wp-content\/uploads\/2022\/06\/DSC00390b-235x300.jpg 235w, https:\/\/nagare.tech\/wp-content\/uploads\/2022\/06\/DSC00390b-802x1024.jpg 802w, https:\/\/nagare.tech\/wp-content\/uploads\/2022\/06\/DSC00390b-768x981.jpg 768w, https:\/\/nagare.tech\/wp-content\/uploads\/2022\/06\/DSC00390b-1203x1536.jpg 1203w, https:\/\/nagare.tech\/wp-content\/uploads\/2022\/06\/DSC00390b-1604x2048.jpg 1604w, https:\/\/nagare.tech\/wp-content\/uploads\/2022\/06\/DSC00390b-600x766.jpg 600w\" sizes=\"100vw\" \/>\t\t\t\t<div class=\"eihe-caption\">\n\t\t\t\t\t<div class=\"eihe-title-cover\">\n\t\t\t\t\t\t\t\t\t\t\t\t<h3 class=\"eihe-title\">Maxime EVRARD<\/h3>\n\t\t\t\t\t\t\t\t\t\t\t<\/div>\n\t\t\t\t\t<p>Co-g\u00e9rant<\/p>\n\t\t\t\t<\/div>\n\t\t\t<\/div>\n\t\t\t\t\t\t<\/div>\n\t\t\t\t<\/div>\n\t\t\t\t<div class=\"elementor-element elementor-element-5df59e8 elementor-widget elementor-widget-text-editor\" data-id=\"5df59e8\" data-element_type=\"widget\" data-e-type=\"widget\" data-widget_type=\"text-editor.default\">\n\t\t\t\t<div class=\"elementor-widget-container\">\n\t\t\t\t\t\t\t\t\t<p>Masters en G\u00e9ologie + Management<\/p><p>+10 ann\u00e9es d&rsquo;exp\u00e9rience en g\u00e9osciences<br><\/p>\t\t\t\t\t\t\t\t<\/div>\n\t\t\t\t<\/div>\n\t\t\t\t<div class=\"elementor-element elementor-element-f6cf8b1 elementor-widget elementor-widget-image\" data-id=\"f6cf8b1\" data-element_type=\"widget\" data-e-type=\"widget\" data-widget_type=\"image.default\">\n\t\t\t\t<div class=\"elementor-widget-container\">\n\t\t\t\t\t\t\t\t\t\t\t\t\t\t\t<img loading=\"lazy\" decoding=\"async\" width=\"346\" height=\"102\" src=\"https:\/\/nagare.tech\/wp-content\/uploads\/2022\/06\/mae.jpg\" class=\"attachment-large size-large wp-image-406\" alt=\"\" srcset=\"https:\/\/nagare.tech\/wp-content\/uploads\/2022\/06\/mae.jpg 346w, https:\/\/nagare.tech\/wp-content\/uploads\/2022\/06\/mae-300x88.jpg 300w\" sizes=\"100vw\" \/>\t\t\t\t\t\t\t\t\t\t\t\t\t\t\t<\/div>\n\t\t\t\t<\/div>\n\t\t\t\t\t<\/div>\n\t\t<\/div>\n\t\t\t\t\t<\/div>\n\t\t<\/section>\n\t\t\t\t<section class=\"elementor-section elementor-top-section elementor-element elementor-element-14444a9 elementor-section-boxed elementor-section-height-default elementor-section-height-default\" data-id=\"14444a9\" data-element_type=\"section\" data-e-type=\"section\">\n\t\t\t\t\t\t<div class=\"elementor-container elementor-column-gap-default\">\n\t\t\t\t\t<div class=\"elementor-column elementor-col-100 elementor-top-column elementor-element elementor-element-dd013f8\" data-id=\"dd013f8\" data-element_type=\"column\" data-e-type=\"column\">\n\t\t\t<div class=\"elementor-widget-wrap elementor-element-populated\">\n\t\t\t\t\t\t<div class=\"elementor-element elementor-element-5e1b396 elementor-widget elementor-widget-image\" data-id=\"5e1b396\" data-element_type=\"widget\" data-e-type=\"widget\" data-widget_type=\"image.default\">\n\t\t\t\t<div class=\"elementor-widget-container\">\n\t\t\t\t\t\t\t\t\t\t\t\t\t\t\t<img loading=\"lazy\" decoding=\"async\" width=\"400\" height=\"400\" src=\"https:\/\/nagare.tech\/wp-content\/uploads\/2025\/01\/IMG-20250129-WA0000.jpg\" class=\"attachment-large size-large wp-image-2012\" alt=\"Xavier DECAMP\" srcset=\"https:\/\/nagare.tech\/wp-content\/uploads\/2025\/01\/IMG-20250129-WA0000.jpg 400w, https:\/\/nagare.tech\/wp-content\/uploads\/2025\/01\/IMG-20250129-WA0000-300x300.jpg 300w, https:\/\/nagare.tech\/wp-content\/uploads\/2025\/01\/IMG-20250129-WA0000-150x150.jpg 150w\" sizes=\"100vw\" \/>\t\t\t\t\t\t\t\t\t\t\t\t\t\t\t<\/div>\n\t\t\t\t<\/div>\n\t\t\t\t\t<\/div>\n\t\t<\/div>\n\t\t\t\t\t<\/div>\n\t\t<\/section>\n\t\t\t\t<section class=\"elementor-section elementor-top-section elementor-element elementor-element-cdff1fc elementor-section-boxed elementor-section-height-default elementor-section-height-default\" data-id=\"cdff1fc\" data-element_type=\"section\" data-e-type=\"section\">\n\t\t\t\t\t\t<div class=\"elementor-container elementor-column-gap-default\">\n\t\t\t\t\t<div class=\"elementor-column elementor-col-100 elementor-top-column elementor-element elementor-element-97f549d\" data-id=\"97f549d\" data-element_type=\"column\" data-e-type=\"column\">\n\t\t\t<div class=\"elementor-widget-wrap elementor-element-populated\">\n\t\t\t\t\t\t<div class=\"elementor-element elementor-element-6d675df elementor-widget elementor-widget-text-editor\" data-id=\"6d675df\" data-element_type=\"widget\" data-e-type=\"widget\" data-widget_type=\"text-editor.default\">\n\t\t\t\t<div class=\"elementor-widget-container\">\n\t\t\t\t\t\t\t\t\t<p style=\"text-align: center;\"><strong><span style=\"color: #000000;\">DECAMP Xavier<\/span><\/strong><\/p><p style=\"text-align: center;\">Master en G\u00e9ologie + Management<\/p><p style=\"text-align: center;\">+15 ann\u00e9es exp\u00e9riences en g\u00e9osciences et management<\/p>\t\t\t\t\t\t\t\t<\/div>\n\t\t\t\t<\/div>\n\t\t\t\t\t<\/div>\n\t\t<\/div>\n\t\t\t\t\t<\/div>\n\t\t<\/section>\n\t\t\t\t<section class=\"elementor-section elementor-top-section elementor-element elementor-element-6eccf83 elementor-section-boxed elementor-section-height-default elementor-section-height-default\" data-id=\"6eccf83\" data-element_type=\"section\" data-e-type=\"section\">\n\t\t\t\t\t\t<div class=\"elementor-container elementor-column-gap-default\">\n\t\t\t\t\t<div class=\"elementor-column elementor-col-50 elementor-top-column elementor-element elementor-element-b76b15a\" data-id=\"b76b15a\" data-element_type=\"column\" data-e-type=\"column\">\n\t\t\t<div class=\"elementor-widget-wrap elementor-element-populated\">\n\t\t\t\t\t\t<div class=\"elementor-element elementor-element-aef483f elementor-widget elementor-widget-image\" data-id=\"aef483f\" data-element_type=\"widget\" data-e-type=\"widget\" data-widget_type=\"image.default\">\n\t\t\t\t<div class=\"elementor-widget-container\">\n\t\t\t\t\t\t\t\t\t\t\t\t\t\t\t<img loading=\"lazy\" decoding=\"async\" width=\"950\" height=\"541\" src=\"https:\/\/nagare.tech\/wp-content\/uploads\/2023\/10\/vca_logo_2000x1138px_rgb_2.0-1-1024x583.png\" class=\"attachment-large size-large wp-image-1582\" alt=\"\" srcset=\"https:\/\/nagare.tech\/wp-content\/uploads\/2023\/10\/vca_logo_2000x1138px_rgb_2.0-1-1024x583.png 1024w, https:\/\/nagare.tech\/wp-content\/uploads\/2023\/10\/vca_logo_2000x1138px_rgb_2.0-1-300x171.png 300w, https:\/\/nagare.tech\/wp-content\/uploads\/2023\/10\/vca_logo_2000x1138px_rgb_2.0-1-768x437.png 768w, https:\/\/nagare.tech\/wp-content\/uploads\/2023\/10\/vca_logo_2000x1138px_rgb_2.0-1-600x342.png 600w, https:\/\/nagare.tech\/wp-content\/uploads\/2023\/10\/vca_logo_2000x1138px_rgb_2.0-1.png 1400w\" sizes=\"100vw\" \/>\t\t\t\t\t\t\t\t\t\t\t\t\t\t\t<\/div>\n\t\t\t\t<\/div>\n\t\t\t\t\t<\/div>\n\t\t<\/div>\n\t\t\t\t<div class=\"elementor-column elementor-col-50 elementor-top-column elementor-element elementor-element-9aa068c\" data-id=\"9aa068c\" data-element_type=\"column\" data-e-type=\"column\">\n\t\t\t<div class=\"elementor-widget-wrap elementor-element-populated\">\n\t\t\t\t\t\t<div class=\"elementor-element elementor-element-cd8329b elementor-widget elementor-widget-image\" data-id=\"cd8329b\" data-element_type=\"widget\" data-e-type=\"widget\" data-widget_type=\"image.default\">\n\t\t\t\t<div class=\"elementor-widget-container\">\n\t\t\t\t\t\t\t\t\t\t\t\t\t\t\t<img loading=\"lazy\" decoding=\"async\" width=\"950\" height=\"493\" src=\"https:\/\/nagare.tech\/wp-content\/uploads\/2024\/05\/apave-habilitation-risque-chimique-niveau-1-2-1024x531.jpg\" class=\"attachment-large size-large wp-image-1998\" alt=\"\" srcset=\"https:\/\/nagare.tech\/wp-content\/uploads\/2024\/05\/apave-habilitation-risque-chimique-niveau-1-2-1024x531.jpg 1024w, https:\/\/nagare.tech\/wp-content\/uploads\/2024\/05\/apave-habilitation-risque-chimique-niveau-1-2-300x156.jpg 300w, https:\/\/nagare.tech\/wp-content\/uploads\/2024\/05\/apave-habilitation-risque-chimique-niveau-1-2-768x399.jpg 768w, https:\/\/nagare.tech\/wp-content\/uploads\/2024\/05\/apave-habilitation-risque-chimique-niveau-1-2-600x311.jpg 600w, https:\/\/nagare.tech\/wp-content\/uploads\/2024\/05\/apave-habilitation-risque-chimique-niveau-1-2.jpg 1241w\" sizes=\"100vw\" \/>\t\t\t\t\t\t\t\t\t\t\t\t\t\t\t<\/div>\n\t\t\t\t<\/div>\n\t\t\t\t\t<\/div>\n\t\t<\/div>\n\t\t\t\t\t<\/div>\n\t\t<\/section>\n\t\t\t\t<section class=\"elementor-section elementor-top-section elementor-element elementor-element-a2da79e elementor-section-boxed elementor-section-height-default elementor-section-height-default\" data-id=\"a2da79e\" data-element_type=\"section\" data-e-type=\"section\">\n\t\t\t\t\t\t<div class=\"elementor-container elementor-column-gap-default\">\n\t\t\t\t\t<div class=\"elementor-column elementor-col-100 elementor-top-column elementor-element elementor-element-dde5a3b\" data-id=\"dde5a3b\" data-element_type=\"column\" data-e-type=\"column\">\n\t\t\t<div class=\"elementor-widget-wrap elementor-element-populated\">\n\t\t\t\t\t\t<section class=\"elementor-section elementor-inner-section elementor-element elementor-element-634baf3 elementor-section-boxed elementor-section-height-default elementor-section-height-default\" data-id=\"634baf3\" data-element_type=\"section\" data-e-type=\"section\">\n\t\t\t\t\t\t<div class=\"elementor-container elementor-column-gap-default\">\n\t\t\t\t\t<div class=\"elementor-column elementor-col-50 elementor-inner-column elementor-element elementor-element-e2a0a83\" data-id=\"e2a0a83\" data-element_type=\"column\" data-e-type=\"column\">\n\t\t\t<div class=\"elementor-widget-wrap elementor-element-populated\">\n\t\t\t\t\t\t<div class=\"elementor-element elementor-element-52050df elementor-align-right elementor-widget elementor-widget-button\" data-id=\"52050df\" data-element_type=\"widget\" data-e-type=\"widget\" data-widget_type=\"button.default\">\n\t\t\t\t<div class=\"elementor-widget-container\">\n\t\t\t\t\t\t\t\t\t<div class=\"elementor-button-wrapper\">\n\t\t\t\t\t<a class=\"elementor-button elementor-button-link elementor-size-sm\" href=\"mailto:info@nagare.tech\">\n\t\t\t\t\t\t<span class=\"elementor-button-content-wrapper\">\n\t\t\t\t\t\t\t\t\t<span class=\"elementor-button-text\">Envoyer un mail<\/span>\n\t\t\t\t\t<\/span>\n\t\t\t\t\t<\/a>\n\t\t\t\t<\/div>\n\t\t\t\t\t\t\t\t<\/div>\n\t\t\t\t<\/div>\n\t\t\t\t\t<\/div>\n\t\t<\/div>\n\t\t\t\t<div class=\"elementor-column elementor-col-50 elementor-inner-column elementor-element elementor-element-aa05297\" data-id=\"aa05297\" data-element_type=\"column\" data-e-type=\"column\">\n\t\t\t<div class=\"elementor-widget-wrap elementor-element-populated\">\n\t\t\t\t\t\t<div class=\"elementor-element elementor-element-002cc8e elementor-shape-rounded elementor-grid-0 e-grid-align-center elementor-widget elementor-widget-social-icons\" data-id=\"002cc8e\" data-element_type=\"widget\" data-e-type=\"widget\" data-widget_type=\"social-icons.default\">\n\t\t\t\t<div class=\"elementor-widget-container\">\n\t\t\t\t\t\t\t<div class=\"elementor-social-icons-wrapper elementor-grid\">\n\t\t\t\t\t\t\t<span class=\"elementor-grid-item\">\n\t\t\t\t\t<a class=\"elementor-icon elementor-social-icon elementor-social-icon-linkedin elementor-repeater-item-14cb529\" href=\"https:\/\/www.linkedin.com\/company\/groundwatersolution\/?viewAsMember=true\" target=\"_blank\">\n\t\t\t\t\t\t<span class=\"elementor-screen-only\">Linkedin<\/span>\n\t\t\t\t\t\t<i aria-hidden=\"true\" class=\"fab fa-linkedin\"><\/i>\t\t\t\t\t<\/a>\n\t\t\t\t<\/span>\n\t\t\t\t\t<\/div>\n\t\t\t\t\t\t<\/div>\n\t\t\t\t<\/div>\n\t\t\t\t\t<\/div>\n\t\t<\/div>\n\t\t\t\t\t<\/div>\n\t\t<\/section>\n\t\t\t\t\t<\/div>\n\t\t<\/div>\n\t\t\t\t\t<\/div>\n\t\t<\/section>\n\t\t\t\t<section class=\"elementor-section elementor-top-section elementor-element elementor-element-38e7750 elementor-section-boxed elementor-section-height-default elementor-section-height-default\" data-id=\"38e7750\" data-element_type=\"section\" data-e-type=\"section\">\n\t\t\t\t\t\t<div class=\"elementor-container elementor-column-gap-default\">\n\t\t\t\t\t<div class=\"elementor-column elementor-col-50 elementor-top-column elementor-element elementor-element-15d35bc\" data-id=\"15d35bc\" data-element_type=\"column\" data-e-type=\"column\">\n\t\t\t<div class=\"elementor-widget-wrap elementor-element-populated\">\n\t\t\t\t\t\t<div class=\"elementor-element elementor-element-1618cfd elementor-widget elementor-widget-heading\" data-id=\"1618cfd\" data-element_type=\"widget\" data-e-type=\"widget\" data-widget_type=\"heading.default\">\n\t\t\t\t<div class=\"elementor-widget-container\">\n\t\t\t\t\t<h3 class=\"elementor-heading-title elementor-size-default\">Adresse<\/h3>\t\t\t\t<\/div>\n\t\t\t\t<\/div>\n\t\t\t\t<div class=\"elementor-element elementor-element-0dc14a1 elementor-widget elementor-widget-text-editor\" data-id=\"0dc14a1\" data-element_type=\"widget\" data-e-type=\"widget\" data-widget_type=\"text-editor.default\">\n\t\t\t\t<div class=\"elementor-widget-container\">\n\t\t\t\t\t\t\t\t\t<p>All\u00e9e de la d\u00e9couverte 11<\/p><p>Batiment B53<\/p><p>4000 Li\u00e8ge<\/p><p>BELGIUM<\/p>\t\t\t\t\t\t\t\t<\/div>\n\t\t\t\t<\/div>\n\t\t\t\t\t<\/div>\n\t\t<\/div>\n\t\t\t\t<div class=\"elementor-column elementor-col-50 elementor-top-column elementor-element elementor-element-5881a3b\" data-id=\"5881a3b\" data-element_type=\"column\" data-e-type=\"column\">\n\t\t\t<div class=\"elementor-widget-wrap elementor-element-populated\">\n\t\t\t\t\t\t<div class=\"elementor-element elementor-element-85a888e elementor-widget elementor-widget-google_maps\" data-id=\"85a888e\" data-element_type=\"widget\" data-e-type=\"widget\" data-widget_type=\"google_maps.default\">\n\t\t\t\t<div class=\"elementor-widget-container\">\n\t\t\t\t\t\t\t<div class=\"elementor-custom-embed\">\n\t\t\t<iframe loading=\"lazy\"\n\t\t\t\t\tsrc=\"https:\/\/maps.google.com\/maps?q=All%C3%A9e%20de%20la%20d%C3%A9couverte%2011%204000%20li%C3%A8ge&#038;t=m&#038;z=10&#038;output=embed&#038;iwloc=near\"\n\t\t\t\t\ttitle=\"All\u00e9e de la d\u00e9couverte 11 4000 li\u00e8ge\"\n\t\t\t\t\taria-label=\"All\u00e9e de la d\u00e9couverte 11 4000 li\u00e8ge\"\n\t\t\t><\/iframe>\n\t\t<\/div>\n\t\t\t\t\t\t<\/div>\n\t\t\t\t<\/div>\n\t\t\t\t\t<\/div>\n\t\t<\/div>\n\t\t\t\t\t<\/div>\n\t\t<\/section>\n\t\t\t\t<\/div>\n\t\t","protected":false},"excerpt":{"rendered":"<p>Pierre JAMIN Co- g\u00e9rant PhD en Hydrog\u00e9ologie +15 ann\u00e9es d&rsquo;exp\u00e9rience en hydrog\u00e9ologie Maxime EVRARD Co-g\u00e9rant Masters en G\u00e9ologie + Management +10 ann\u00e9es d&rsquo;exp\u00e9rience en g\u00e9osciences DECAMP Xavier Master en G\u00e9ologie + Management +15 ann\u00e9es exp\u00e9riences en g\u00e9osciences et management Envoyer un mail Linkedin Adresse All\u00e9e de la d\u00e9couverte 11 Batiment B53 4000 Li\u00e8ge BELGIUM<\/p>\n","protected":false},"author":1,"featured_media":0,"parent":0,"menu_order":0,"comment_status":"closed","ping_status":"closed","template":"","meta":{"om_disable_all_campaigns":false,"_monsterinsights_skip_tracking":false,"_monsterinsights_sitenote_active":false,"_monsterinsights_sitenote_note":"","_monsterinsights_sitenote_category":0,"footnotes":""},"class_list":["post-169","page","type-page","status-publish","hentry"],"aioseo_notices":[],"yoast_head":"<!-- This site is optimized with the Yoast SEO plugin v27.4 - https:\/\/yoast.com\/product\/yoast-seo-wordpress\/ -->\n<title>Contact - NAGARE<\/title>\n<meta name=\"description\" content=\"NAGARE vous aide \u00e0 maitriser vos risques\" \/>\n<meta name=\"robots\" content=\"index, follow, max-snippet:-1, max-image-preview:large, max-video-preview:-1\" \/>\n<link rel=\"canonical\" href=\"http:\/\/nagare.tech\" \/>\n<meta property=\"og:locale\" content=\"fr_FR\" \/>\n<meta property=\"og:type\" content=\"article\" \/>\n<meta property=\"og:title\" content=\"Contact - NAGARE\" \/>\n<meta property=\"og:description\" content=\"NAGARE vous aide \u00e0 maitriser vos risques\" \/>\n<meta property=\"og:url\" content=\"http:\/\/nagare.tech\" \/>\n<meta property=\"og:site_name\" content=\"NAGARE\" \/>\n<meta property=\"article:modified_time\" content=\"2025-01-29T19:42:29+00:00\" \/>\n<meta property=\"og:image\" content=\"http:\/\/nagare.tech\/wp-content\/uploads\/2022\/06\/ID_PJ.jpg\" \/>\n<meta name=\"twitter:card\" content=\"summary_large_image\" \/>\n<meta name=\"twitter:label1\" content=\"Dur\u00e9e de lecture estim\u00e9e\" \/>\n\t<meta name=\"twitter:data1\" content=\"1 minute\" \/>\n<script type=\"application\/ld+json\" class=\"yoast-schema-graph\">{\"@context\":\"https:\\\/\\\/schema.org\",\"@graph\":[{\"@type\":\"WebPage\",\"@id\":\"https:\\\/\\\/nagare.tech\\\/?page_id=169\",\"url\":\"http:\\\/\\\/nagare.tech\",\"name\":\"Contact - NAGARE\",\"isPartOf\":{\"@id\":\"https:\\\/\\\/nagare.tech\\\/#website\"},\"primaryImageOfPage\":{\"@id\":\"http:\\\/\\\/nagare.tech#primaryimage\"},\"image\":{\"@id\":\"http:\\\/\\\/nagare.tech#primaryimage\"},\"thumbnailUrl\":\"http:\\\/\\\/nagare.tech\\\/wp-content\\\/uploads\\\/2022\\\/06\\\/ID_PJ.jpg\",\"datePublished\":\"2022-06-10T11:43:50+00:00\",\"dateModified\":\"2025-01-29T19:42:29+00:00\",\"description\":\"NAGARE vous aide \u00e0 maitriser vos risques\",\"breadcrumb\":{\"@id\":\"http:\\\/\\\/nagare.tech#breadcrumb\"},\"inLanguage\":\"fr-FR\",\"potentialAction\":[{\"@type\":\"ReadAction\",\"target\":[\"http:\\\/\\\/nagare.tech\"]}]},{\"@type\":\"ImageObject\",\"inLanguage\":\"fr-FR\",\"@id\":\"http:\\\/\\\/nagare.tech#primaryimage\",\"url\":\"https:\\\/\\\/nagare.tech\\\/wp-content\\\/uploads\\\/2022\\\/06\\\/ID_PJ.jpg\",\"contentUrl\":\"https:\\\/\\\/nagare.tech\\\/wp-content\\\/uploads\\\/2022\\\/06\\\/ID_PJ.jpg\",\"width\":465,\"height\":603},{\"@type\":\"BreadcrumbList\",\"@id\":\"http:\\\/\\\/nagare.tech#breadcrumb\",\"itemListElement\":[{\"@type\":\"ListItem\",\"position\":1,\"name\":\"Accueil\",\"item\":\"http:\\\/\\\/nagare.tech\\\/\"},{\"@type\":\"ListItem\",\"position\":2,\"name\":\"Contact\"}]},{\"@type\":\"WebSite\",\"@id\":\"https:\\\/\\\/nagare.tech\\\/#website\",\"url\":\"https:\\\/\\\/nagare.tech\\\/\",\"name\":\"NAGARE\",\"description\":\"Monitoring des flux d&#039;eau souterraines\",\"publisher\":{\"@id\":\"https:\\\/\\\/nagare.tech\\\/#organization\"},\"potentialAction\":[{\"@type\":\"SearchAction\",\"target\":{\"@type\":\"EntryPoint\",\"urlTemplate\":\"https:\\\/\\\/nagare.tech\\\/?s={search_term_string}\"},\"query-input\":{\"@type\":\"PropertyValueSpecification\",\"valueRequired\":true,\"valueName\":\"search_term_string\"}}],\"inLanguage\":\"fr-FR\"},{\"@type\":\"Organization\",\"@id\":\"https:\\\/\\\/nagare.tech\\\/#organization\",\"name\":\"NAGARE\",\"url\":\"https:\\\/\\\/nagare.tech\\\/\",\"logo\":{\"@type\":\"ImageObject\",\"inLanguage\":\"fr-FR\",\"@id\":\"https:\\\/\\\/nagare.tech\\\/#\\\/schema\\\/logo\\\/image\\\/\",\"url\":\"https:\\\/\\\/nagare.tech\\\/wp-content\\\/uploads\\\/2022\\\/09\\\/cropped-Untitled-1.gif\",\"contentUrl\":\"https:\\\/\\\/nagare.tech\\\/wp-content\\\/uploads\\\/2022\\\/09\\\/cropped-Untitled-1.gif\",\"width\":852,\"height\":852,\"caption\":\"NAGARE\"},\"image\":{\"@id\":\"https:\\\/\\\/nagare.tech\\\/#\\\/schema\\\/logo\\\/image\\\/\"}}]}<\/script>\n<!-- \/ Yoast SEO plugin. -->","yoast_head_json":{"title":"Contact - NAGARE","description":"NAGARE vous aide \u00e0 maitriser vos risques","robots":{"index":"index","follow":"follow","max-snippet":"max-snippet:-1","max-image-preview":"max-image-preview:large","max-video-preview":"max-video-preview:-1"},"canonical":"http:\/\/nagare.tech","og_locale":"fr_FR","og_type":"article","og_title":"Contact - NAGARE","og_description":"NAGARE vous aide \u00e0 maitriser vos risques","og_url":"http:\/\/nagare.tech","og_site_name":"NAGARE","article_modified_time":"2025-01-29T19:42:29+00:00","og_image":[{"url":"http:\/\/nagare.tech\/wp-content\/uploads\/2022\/06\/ID_PJ.jpg","type":"","width":"","height":""}],"twitter_card":"summary_large_image","twitter_misc":{"Dur\u00e9e de lecture estim\u00e9e":"1 minute"},"schema":{"@context":"https:\/\/schema.org","@graph":[{"@type":"WebPage","@id":"https:\/\/nagare.tech\/?page_id=169","url":"http:\/\/nagare.tech","name":"Contact - NAGARE","isPartOf":{"@id":"https:\/\/nagare.tech\/#website"},"primaryImageOfPage":{"@id":"http:\/\/nagare.tech#primaryimage"},"image":{"@id":"http:\/\/nagare.tech#primaryimage"},"thumbnailUrl":"http:\/\/nagare.tech\/wp-content\/uploads\/2022\/06\/ID_PJ.jpg","datePublished":"2022-06-10T11:43:50+00:00","dateModified":"2025-01-29T19:42:29+00:00","description":"NAGARE vous aide \u00e0 maitriser vos risques","breadcrumb":{"@id":"http:\/\/nagare.tech#breadcrumb"},"inLanguage":"fr-FR","potentialAction":[{"@type":"ReadAction","target":["http:\/\/nagare.tech"]}]},{"@type":"ImageObject","inLanguage":"fr-FR","@id":"http:\/\/nagare.tech#primaryimage","url":"https:\/\/nagare.tech\/wp-content\/uploads\/2022\/06\/ID_PJ.jpg","contentUrl":"https:\/\/nagare.tech\/wp-content\/uploads\/2022\/06\/ID_PJ.jpg","width":465,"height":603},{"@type":"BreadcrumbList","@id":"http:\/\/nagare.tech#breadcrumb","itemListElement":[{"@type":"ListItem","position":1,"name":"Accueil","item":"http:\/\/nagare.tech\/"},{"@type":"ListItem","position":2,"name":"Contact"}]},{"@type":"WebSite","@id":"https:\/\/nagare.tech\/#website","url":"https:\/\/nagare.tech\/","name":"NAGARE","description":"Monitoring des flux d&#039;eau souterraines","publisher":{"@id":"https:\/\/nagare.tech\/#organization"},"potentialAction":[{"@type":"SearchAction","target":{"@type":"EntryPoint","urlTemplate":"https:\/\/nagare.tech\/?s={search_term_string}"},"query-input":{"@type":"PropertyValueSpecification","valueRequired":true,"valueName":"search_term_string"}}],"inLanguage":"fr-FR"},{"@type":"Organization","@id":"https:\/\/nagare.tech\/#organization","name":"NAGARE","url":"https:\/\/nagare.tech\/","logo":{"@type":"ImageObject","inLanguage":"fr-FR","@id":"https:\/\/nagare.tech\/#\/schema\/logo\/image\/","url":"https:\/\/nagare.tech\/wp-content\/uploads\/2022\/09\/cropped-Untitled-1.gif","contentUrl":"https:\/\/nagare.tech\/wp-content\/uploads\/2022\/09\/cropped-Untitled-1.gif","width":852,"height":852,"caption":"NAGARE"},"image":{"@id":"https:\/\/nagare.tech\/#\/schema\/logo\/image\/"}}]}},"featured_media_urls":[],"_links":{"self":[{"href":"https:\/\/nagare.tech\/index.php?rest_route=\/wp\/v2\/pages\/169","targetHints":{"allow":["GET"]}}],"collection":[{"href":"https:\/\/nagare.tech\/index.php?rest_route=\/wp\/v2\/pages"}],"about":[{"href":"https:\/\/nagare.tech\/index.php?rest_route=\/wp\/v2\/types\/page"}],"author":[{"embeddable":true,"href":"https:\/\/nagare.tech\/index.php?rest_route=\/wp\/v2\/users\/1"}],"replies":[{"embeddable":true,"href":"https:\/\/nagare.tech\/index.php?rest_route=%2Fwp%2Fv2%2Fcomments&post=169"}],"version-history":[{"count":60,"href":"https:\/\/nagare.tech\/index.php?rest_route=\/wp\/v2\/pages\/169\/revisions"}],"predecessor-version":[{"id":2022,"href":"https:\/\/nagare.tech\/index.php?rest_route=\/wp\/v2\/pages\/169\/revisions\/2022"}],"wp:attachment":[{"href":"https:\/\/nagare.tech\/index.php?rest_route=%2Fwp%2Fv2%2Fmedia&parent=169"}],"curies":[{"name":"wp","href":"https:\/\/api.w.org\/{rel}","templated":true}]}}