{"id":987,"date":"2023-07-18T14:03:40","date_gmt":"2023-07-18T12:03:40","guid":{"rendered":"http:\/\/nagare.tech\/?page_id=987"},"modified":"2023-07-25T16:00:09","modified_gmt":"2023-07-25T14:00:09","slug":"calibration-de-modeles-hydrogeologiques","status":"publish","type":"page","link":"http:\/\/nagare.tech\/?page_id=987","title":{"rendered":"Calibration de mod\u00e8les hydrog\u00e9ologiques"},"content":{"rendered":"\t\t<div data-elementor-type=\"wp-page\" data-elementor-id=\"987\" class=\"elementor elementor-987\">\n\t\t\t\t\t\t<section class=\"elementor-section elementor-top-section elementor-element elementor-element-8e63ae3 elementor-section-boxed elementor-section-height-default elementor-section-height-default\" data-id=\"8e63ae3\" data-element_type=\"section\" data-e-type=\"section\">\n\t\t\t\t\t\t<div class=\"elementor-container elementor-column-gap-default\">\n\t\t\t\t\t<div class=\"elementor-column elementor-col-100 elementor-top-column elementor-element elementor-element-859f8aa\" data-id=\"859f8aa\" data-element_type=\"column\" data-e-type=\"column\">\n\t\t\t<div class=\"elementor-widget-wrap elementor-element-populated\">\n\t\t\t\t\t\t<div class=\"elementor-element elementor-element-acd14bd elementor-widget elementor-widget-text-editor\" data-id=\"acd14bd\" data-element_type=\"widget\" data-e-type=\"widget\" data-widget_type=\"text-editor.default\">\n\t\t\t\t<div class=\"elementor-widget-container\">\n\t\t\t\t\t\t\t\t\t<p>Les mod\u00e8les hydrog\u00e9ologiques sont bas\u00e9s sur les informations dont l&rsquo;hydrog\u00e9ologue dispose (niveau pi\u00e9zom\u00e9trique, test de pompage&#8230;) afin de calibrer son mod\u00e8le au plus proche de la r\u00e9alit\u00e9.<\/p>\t\t\t\t\t\t\t\t<\/div>\n\t\t\t\t<\/div>\n\t\t\t\t<div class=\"elementor-element elementor-element-b3550b3 elementor-widget__width-initial elementor-widget elementor-widget-image\" data-id=\"b3550b3\" data-element_type=\"widget\" data-e-type=\"widget\" data-widget_type=\"image.default\">\n\t\t\t\t<div class=\"elementor-widget-container\">\n\t\t\t\t\t\t\t\t\t\t\t\t\t\t\t<img fetchpriority=\"high\" decoding=\"async\" width=\"950\" height=\"526\" src=\"http:\/\/nagare.tech\/wp-content\/uploads\/2023\/07\/model-ratio-1024x567.jpg\" class=\"attachment-large size-large wp-image-991\" alt=\"\" srcset=\"http:\/\/nagare.tech\/wp-content\/uploads\/2023\/07\/model-ratio-1024x567.jpg 1024w, http:\/\/nagare.tech\/wp-content\/uploads\/2023\/07\/model-ratio-300x166.jpg 300w, http:\/\/nagare.tech\/wp-content\/uploads\/2023\/07\/model-ratio-768x425.jpg 768w, http:\/\/nagare.tech\/wp-content\/uploads\/2023\/07\/model-ratio-1536x851.jpg 1536w, http:\/\/nagare.tech\/wp-content\/uploads\/2023\/07\/model-ratio-600x332.jpg 600w, http:\/\/nagare.tech\/wp-content\/uploads\/2023\/07\/model-ratio.jpg 1880w\" sizes=\"100vw\" \/>\t\t\t\t\t\t\t\t\t\t\t\t\t\t\t<\/div>\n\t\t\t\t<\/div>\n\t\t\t\t<div class=\"elementor-element elementor-element-e1c6e45 elementor-widget elementor-widget-text-editor\" data-id=\"e1c6e45\" data-element_type=\"widget\" data-e-type=\"widget\" data-widget_type=\"text-editor.default\">\n\t\t\t\t<div class=\"elementor-widget-container\">\n\t\t\t\t\t\t\t\t\t<p>\u00a0<\/p><p>Ces informations ne sont pas toujours ais\u00e9es \u00e0 obtenir, particuli\u00e8rement lorsque le gradient hydrog\u00e9ologique de la zone d&rsquo;\u00e9tude est faible (ex: plaine alluviale) et que le r\u00e9seau de pi\u00e9zom\u00e8tre est peu dense, ne permettant pas d&rsquo;estimer le c\u00f4ne de rabattement.<\/p><p>En mesurant directement le flux de Darcy \u00e0 certains points pr\u00e9cis, il est ainsi possible de calibrer le mod\u00e8le au plus proche de la r\u00e9alit\u00e9.<\/p><p>\u00a0<\/p>\t\t\t\t\t\t\t\t<\/div>\n\t\t\t\t<\/div>\n\t\t\t\t\t<\/div>\n\t\t<\/div>\n\t\t\t\t\t<\/div>\n\t\t<\/section>\n\t\t\t\t<section class=\"elementor-section elementor-top-section elementor-element elementor-element-c367009 elementor-section-boxed elementor-section-height-default elementor-section-height-default\" data-id=\"c367009\" data-element_type=\"section\" data-e-type=\"section\">\n\t\t\t\t\t\t<div class=\"elementor-container elementor-column-gap-default\">\n\t\t\t\t\t<div class=\"elementor-column elementor-col-50 elementor-top-column elementor-element elementor-element-5b10fc5\" data-id=\"5b10fc5\" data-element_type=\"column\" data-e-type=\"column\">\n\t\t\t<div class=\"elementor-widget-wrap elementor-element-populated\">\n\t\t\t\t\t\t<div class=\"elementor-element elementor-element-8e26560 elementor-widget elementor-widget-text-editor\" data-id=\"8e26560\" data-element_type=\"widget\" data-e-type=\"widget\" data-widget_type=\"text-editor.default\">\n\t\t\t\t<div class=\"elementor-widget-container\">\n\t\t\t\t\t\t\t\t\t<p>Dans le cas d&rsquo;\u00e9tude ci-dessous (pollution en hydrocarbures), les mesures de flux ont permis de mettre en \u00e9vidence que 70% du flux massique de polluant transitait par une zone tr\u00e8s \u00e9troite et tr\u00e8s pr\u00e9cise. Le plan d&rsquo;assainissement a donc pu \u00eatre modifi\u00e9 en cons\u00e9quence.<\/p>\t\t\t\t\t\t\t\t<\/div>\n\t\t\t\t<\/div>\n\t\t\t\t\t<\/div>\n\t\t<\/div>\n\t\t\t\t<div class=\"elementor-column elementor-col-50 elementor-top-column elementor-element elementor-element-f080cfc\" data-id=\"f080cfc\" data-element_type=\"column\" data-e-type=\"column\">\n\t\t\t<div class=\"elementor-widget-wrap elementor-element-populated\">\n\t\t\t\t\t\t<div class=\"elementor-element elementor-element-f136f83 elementor-widget elementor-widget-image\" data-id=\"f136f83\" data-element_type=\"widget\" data-e-type=\"widget\" data-widget_type=\"image.default\">\n\t\t\t\t<div class=\"elementor-widget-container\">\n\t\t\t\t\t\t\t\t\t\t\t\t\t\t\t<img decoding=\"async\" width=\"950\" height=\"713\" src=\"http:\/\/nagare.tech\/wp-content\/uploads\/2023\/07\/20200618_084503-1024x768.jpg\" class=\"attachment-large size-large wp-image-1252\" alt=\"\" srcset=\"http:\/\/nagare.tech\/wp-content\/uploads\/2023\/07\/20200618_084503-1024x768.jpg 1024w, http:\/\/nagare.tech\/wp-content\/uploads\/2023\/07\/20200618_084503-300x225.jpg 300w, http:\/\/nagare.tech\/wp-content\/uploads\/2023\/07\/20200618_084503-768x576.jpg 768w, http:\/\/nagare.tech\/wp-content\/uploads\/2023\/07\/20200618_084503-1536x1152.jpg 1536w, http:\/\/nagare.tech\/wp-content\/uploads\/2023\/07\/20200618_084503-2048x1536.jpg 2048w, http:\/\/nagare.tech\/wp-content\/uploads\/2023\/07\/20200618_084503-2000x1500.jpg 2000w, http:\/\/nagare.tech\/wp-content\/uploads\/2023\/07\/20200618_084503-600x450.jpg 600w\" sizes=\"100vw\" \/>\t\t\t\t\t\t\t\t\t\t\t\t\t\t\t<\/div>\n\t\t\t\t<\/div>\n\t\t\t\t\t<\/div>\n\t\t<\/div>\n\t\t\t\t\t<\/div>\n\t\t<\/section>\n\t\t\t\t<section class=\"elementor-section elementor-top-section elementor-element elementor-element-44f2129 elementor-section-boxed elementor-section-height-default elementor-section-height-default\" data-id=\"44f2129\" data-element_type=\"section\" data-e-type=\"section\">\n\t\t\t\t\t\t<div class=\"elementor-container elementor-column-gap-default\">\n\t\t\t\t\t<div class=\"elementor-column elementor-col-100 elementor-top-column elementor-element elementor-element-439d721\" data-id=\"439d721\" data-element_type=\"column\" data-e-type=\"column\">\n\t\t\t<div class=\"elementor-widget-wrap\">\n\t\t\t\t\t\t\t<\/div>\n\t\t<\/div>\n\t\t\t\t\t<\/div>\n\t\t<\/section>\n\t\t\t\t<section class=\"elementor-section elementor-top-section elementor-element elementor-element-36d37cf elementor-section-boxed elementor-section-height-default elementor-section-height-default\" data-id=\"36d37cf\" data-element_type=\"section\" data-e-type=\"section\">\n\t\t\t\t\t\t<div class=\"elementor-container elementor-column-gap-default\">\n\t\t\t\t\t<div class=\"elementor-column elementor-col-100 elementor-top-column elementor-element elementor-element-014f978\" data-id=\"014f978\" data-element_type=\"column\" data-e-type=\"column\">\n\t\t\t<div class=\"elementor-widget-wrap elementor-element-populated\">\n\t\t\t\t\t\t<div class=\"elementor-element elementor-element-0233f26 elementor-widget elementor-widget-image\" data-id=\"0233f26\" data-element_type=\"widget\" data-e-type=\"widget\" data-widget_type=\"image.default\">\n\t\t\t\t<div class=\"elementor-widget-container\">\n\t\t\t\t\t\t\t\t\t\t\t\t\t\t\t<img decoding=\"async\" width=\"950\" height=\"460\" src=\"http:\/\/nagare.tech\/wp-content\/uploads\/2023\/07\/modelb-1024x496.jpg\" class=\"attachment-large size-large wp-image-990\" alt=\"\" srcset=\"http:\/\/nagare.tech\/wp-content\/uploads\/2023\/07\/modelb-1024x496.jpg 1024w, http:\/\/nagare.tech\/wp-content\/uploads\/2023\/07\/modelb-300x145.jpg 300w, http:\/\/nagare.tech\/wp-content\/uploads\/2023\/07\/modelb-768x372.jpg 768w, http:\/\/nagare.tech\/wp-content\/uploads\/2023\/07\/modelb-1536x744.jpg 1536w, http:\/\/nagare.tech\/wp-content\/uploads\/2023\/07\/modelb-2048x992.jpg 2048w, http:\/\/nagare.tech\/wp-content\/uploads\/2023\/07\/modelb-2000x969.jpg 2000w, http:\/\/nagare.tech\/wp-content\/uploads\/2023\/07\/modelb-600x291.jpg 600w\" sizes=\"100vw\" \/>\t\t\t\t\t\t\t\t\t\t\t\t\t\t\t<\/div>\n\t\t\t\t<\/div>\n\t\t\t\t\t<\/div>\n\t\t<\/div>\n\t\t\t\t\t<\/div>\n\t\t<\/section>\n\t\t\t\t<\/div>\n\t\t","protected":false},"excerpt":{"rendered":"<p>Les mod\u00e8les hydrog\u00e9ologiques sont bas\u00e9s sur les informations dont l&rsquo;hydrog\u00e9ologue dispose (niveau pi\u00e9zom\u00e9trique, test de pompage&#8230;) afin de calibrer son mod\u00e8le au plus proche de la r\u00e9alit\u00e9. \u00a0 Ces informations ne sont pas toujours ais\u00e9es \u00e0 obtenir, particuli\u00e8rement lorsque le gradient hydrog\u00e9ologique de la zone d&rsquo;\u00e9tude est faible (ex: plaine alluviale) et que le r\u00e9seau &hellip; <\/p>\n<p class=\"link-more\"><a href=\"http:\/\/nagare.tech\/?page_id=987\" class=\"more-link\">Lire la suite de<span class=\"screen-reader-text\">\u00ab\u00a0Calibration de mod\u00e8les hydrog\u00e9ologiques\u00a0\u00bb<\/span><\/a><\/p>\n","protected":false},"author":1,"featured_media":0,"parent":0,"menu_order":0,"comment_status":"closed","ping_status":"closed","template":"","meta":{"om_disable_all_campaigns":false,"_monsterinsights_skip_tracking":false,"_monsterinsights_sitenote_active":false,"_monsterinsights_sitenote_note":"","_monsterinsights_sitenote_category":0,"footnotes":""},"class_list":["post-987","page","type-page","status-publish","hentry"],"aioseo_notices":[],"yoast_head":"<!-- This site is optimized with the Yoast SEO plugin v27.4 - https:\/\/yoast.com\/product\/yoast-seo-wordpress\/ -->\n<title>Calibration de mod\u00e8les hydrog\u00e9ologiques - NAGARE<\/title>\n<meta name=\"robots\" content=\"index, follow, max-snippet:-1, max-image-preview:large, max-video-preview:-1\" \/>\n<link rel=\"canonical\" href=\"http:\/\/nagare.tech\/?page_id=987\" \/>\n<meta property=\"og:locale\" content=\"fr_FR\" \/>\n<meta property=\"og:type\" content=\"article\" \/>\n<meta property=\"og:title\" content=\"Calibration de mod\u00e8les hydrog\u00e9ologiques - NAGARE\" \/>\n<meta property=\"og:description\" content=\"Les mod\u00e8les hydrog\u00e9ologiques sont bas\u00e9s sur les informations dont l&rsquo;hydrog\u00e9ologue dispose (niveau pi\u00e9zom\u00e9trique, test de pompage&#8230;) afin de calibrer son mod\u00e8le au plus proche de la r\u00e9alit\u00e9. \u00a0 Ces informations ne sont pas toujours ais\u00e9es \u00e0 obtenir, particuli\u00e8rement lorsque le gradient hydrog\u00e9ologique de la zone d&rsquo;\u00e9tude est faible (ex: plaine alluviale) et que le r\u00e9seau &hellip; Lire la suite de\u00ab\u00a0Calibration de mod\u00e8les hydrog\u00e9ologiques\u00a0\u00bb\" \/>\n<meta property=\"og:url\" content=\"http:\/\/nagare.tech\/?page_id=987\" \/>\n<meta property=\"og:site_name\" content=\"NAGARE\" \/>\n<meta property=\"article:modified_time\" content=\"2023-07-25T14:00:09+00:00\" \/>\n<meta property=\"og:image\" content=\"http:\/\/nagare.tech\/wp-content\/uploads\/2023\/07\/model-ratio-1024x567.jpg\" \/>\n<meta name=\"twitter:card\" content=\"summary_large_image\" \/>\n<meta name=\"twitter:label1\" content=\"Dur\u00e9e de lecture estim\u00e9e\" \/>\n\t<meta name=\"twitter:data1\" content=\"1 minute\" \/>\n<script type=\"application\/ld+json\" class=\"yoast-schema-graph\">{\"@context\":\"https:\\\/\\\/schema.org\",\"@graph\":[{\"@type\":\"WebPage\",\"@id\":\"http:\\\/\\\/nagare.tech\\\/?page_id=987\",\"url\":\"http:\\\/\\\/nagare.tech\\\/?page_id=987\",\"name\":\"Calibration de mod\u00e8les hydrog\u00e9ologiques - NAGARE\",\"isPartOf\":{\"@id\":\"http:\\\/\\\/nagare.tech\\\/#website\"},\"primaryImageOfPage\":{\"@id\":\"http:\\\/\\\/nagare.tech\\\/?page_id=987#primaryimage\"},\"image\":{\"@id\":\"http:\\\/\\\/nagare.tech\\\/?page_id=987#primaryimage\"},\"thumbnailUrl\":\"http:\\\/\\\/nagare.tech\\\/wp-content\\\/uploads\\\/2023\\\/07\\\/model-ratio-1024x567.jpg\",\"datePublished\":\"2023-07-18T12:03:40+00:00\",\"dateModified\":\"2023-07-25T14:00:09+00:00\",\"breadcrumb\":{\"@id\":\"http:\\\/\\\/nagare.tech\\\/?page_id=987#breadcrumb\"},\"inLanguage\":\"fr-FR\",\"potentialAction\":[{\"@type\":\"ReadAction\",\"target\":[\"http:\\\/\\\/nagare.tech\\\/?page_id=987\"]}]},{\"@type\":\"ImageObject\",\"inLanguage\":\"fr-FR\",\"@id\":\"http:\\\/\\\/nagare.tech\\\/?page_id=987#primaryimage\",\"url\":\"http:\\\/\\\/nagare.tech\\\/wp-content\\\/uploads\\\/2023\\\/07\\\/model-ratio.jpg\",\"contentUrl\":\"http:\\\/\\\/nagare.tech\\\/wp-content\\\/uploads\\\/2023\\\/07\\\/model-ratio.jpg\",\"width\":1880,\"height\":1041},{\"@type\":\"BreadcrumbList\",\"@id\":\"http:\\\/\\\/nagare.tech\\\/?page_id=987#breadcrumb\",\"itemListElement\":[{\"@type\":\"ListItem\",\"position\":1,\"name\":\"Accueil\",\"item\":\"http:\\\/\\\/nagare.tech\\\/\"},{\"@type\":\"ListItem\",\"position\":2,\"name\":\"Calibration de mod\u00e8les hydrog\u00e9ologiques\"}]},{\"@type\":\"WebSite\",\"@id\":\"http:\\\/\\\/nagare.tech\\\/#website\",\"url\":\"http:\\\/\\\/nagare.tech\\\/\",\"name\":\"NAGARE\",\"description\":\"Monitoring des flux d&#039;eau souterraines\",\"publisher\":{\"@id\":\"http:\\\/\\\/nagare.tech\\\/#organization\"},\"potentialAction\":[{\"@type\":\"SearchAction\",\"target\":{\"@type\":\"EntryPoint\",\"urlTemplate\":\"http:\\\/\\\/nagare.tech\\\/?s={search_term_string}\"},\"query-input\":{\"@type\":\"PropertyValueSpecification\",\"valueRequired\":true,\"valueName\":\"search_term_string\"}}],\"inLanguage\":\"fr-FR\"},{\"@type\":\"Organization\",\"@id\":\"http:\\\/\\\/nagare.tech\\\/#organization\",\"name\":\"NAGARE\",\"url\":\"http:\\\/\\\/nagare.tech\\\/\",\"logo\":{\"@type\":\"ImageObject\",\"inLanguage\":\"fr-FR\",\"@id\":\"http:\\\/\\\/nagare.tech\\\/#\\\/schema\\\/logo\\\/image\\\/\",\"url\":\"http:\\\/\\\/nagare.tech\\\/wp-content\\\/uploads\\\/2022\\\/09\\\/cropped-Untitled-1.gif\",\"contentUrl\":\"http:\\\/\\\/nagare.tech\\\/wp-content\\\/uploads\\\/2022\\\/09\\\/cropped-Untitled-1.gif\",\"width\":852,\"height\":852,\"caption\":\"NAGARE\"},\"image\":{\"@id\":\"http:\\\/\\\/nagare.tech\\\/#\\\/schema\\\/logo\\\/image\\\/\"}}]}<\/script>\n<!-- \/ Yoast SEO plugin. -->","yoast_head_json":{"title":"Calibration de mod\u00e8les hydrog\u00e9ologiques - NAGARE","robots":{"index":"index","follow":"follow","max-snippet":"max-snippet:-1","max-image-preview":"max-image-preview:large","max-video-preview":"max-video-preview:-1"},"canonical":"http:\/\/nagare.tech\/?page_id=987","og_locale":"fr_FR","og_type":"article","og_title":"Calibration de mod\u00e8les hydrog\u00e9ologiques - NAGARE","og_description":"Les mod\u00e8les hydrog\u00e9ologiques sont bas\u00e9s sur les informations dont l&rsquo;hydrog\u00e9ologue dispose (niveau pi\u00e9zom\u00e9trique, test de pompage&#8230;) afin de calibrer son mod\u00e8le au plus proche de la r\u00e9alit\u00e9. \u00a0 Ces informations ne sont pas toujours ais\u00e9es \u00e0 obtenir, particuli\u00e8rement lorsque le gradient hydrog\u00e9ologique de la zone d&rsquo;\u00e9tude est faible (ex: plaine alluviale) et que le r\u00e9seau &hellip; Lire la suite de\u00ab\u00a0Calibration de mod\u00e8les hydrog\u00e9ologiques\u00a0\u00bb","og_url":"http:\/\/nagare.tech\/?page_id=987","og_site_name":"NAGARE","article_modified_time":"2023-07-25T14:00:09+00:00","og_image":[{"url":"http:\/\/nagare.tech\/wp-content\/uploads\/2023\/07\/model-ratio-1024x567.jpg","type":"","width":"","height":""}],"twitter_card":"summary_large_image","twitter_misc":{"Dur\u00e9e de lecture estim\u00e9e":"1 minute"},"schema":{"@context":"https:\/\/schema.org","@graph":[{"@type":"WebPage","@id":"http:\/\/nagare.tech\/?page_id=987","url":"http:\/\/nagare.tech\/?page_id=987","name":"Calibration de mod\u00e8les hydrog\u00e9ologiques - NAGARE","isPartOf":{"@id":"http:\/\/nagare.tech\/#website"},"primaryImageOfPage":{"@id":"http:\/\/nagare.tech\/?page_id=987#primaryimage"},"image":{"@id":"http:\/\/nagare.tech\/?page_id=987#primaryimage"},"thumbnailUrl":"http:\/\/nagare.tech\/wp-content\/uploads\/2023\/07\/model-ratio-1024x567.jpg","datePublished":"2023-07-18T12:03:40+00:00","dateModified":"2023-07-25T14:00:09+00:00","breadcrumb":{"@id":"http:\/\/nagare.tech\/?page_id=987#breadcrumb"},"inLanguage":"fr-FR","potentialAction":[{"@type":"ReadAction","target":["http:\/\/nagare.tech\/?page_id=987"]}]},{"@type":"ImageObject","inLanguage":"fr-FR","@id":"http:\/\/nagare.tech\/?page_id=987#primaryimage","url":"http:\/\/nagare.tech\/wp-content\/uploads\/2023\/07\/model-ratio.jpg","contentUrl":"http:\/\/nagare.tech\/wp-content\/uploads\/2023\/07\/model-ratio.jpg","width":1880,"height":1041},{"@type":"BreadcrumbList","@id":"http:\/\/nagare.tech\/?page_id=987#breadcrumb","itemListElement":[{"@type":"ListItem","position":1,"name":"Accueil","item":"http:\/\/nagare.tech\/"},{"@type":"ListItem","position":2,"name":"Calibration de mod\u00e8les hydrog\u00e9ologiques"}]},{"@type":"WebSite","@id":"http:\/\/nagare.tech\/#website","url":"http:\/\/nagare.tech\/","name":"NAGARE","description":"Monitoring des flux d&#039;eau souterraines","publisher":{"@id":"http:\/\/nagare.tech\/#organization"},"potentialAction":[{"@type":"SearchAction","target":{"@type":"EntryPoint","urlTemplate":"http:\/\/nagare.tech\/?s={search_term_string}"},"query-input":{"@type":"PropertyValueSpecification","valueRequired":true,"valueName":"search_term_string"}}],"inLanguage":"fr-FR"},{"@type":"Organization","@id":"http:\/\/nagare.tech\/#organization","name":"NAGARE","url":"http:\/\/nagare.tech\/","logo":{"@type":"ImageObject","inLanguage":"fr-FR","@id":"http:\/\/nagare.tech\/#\/schema\/logo\/image\/","url":"http:\/\/nagare.tech\/wp-content\/uploads\/2022\/09\/cropped-Untitled-1.gif","contentUrl":"http:\/\/nagare.tech\/wp-content\/uploads\/2022\/09\/cropped-Untitled-1.gif","width":852,"height":852,"caption":"NAGARE"},"image":{"@id":"http:\/\/nagare.tech\/#\/schema\/logo\/image\/"}}]}},"featured_media_urls":[],"_links":{"self":[{"href":"http:\/\/nagare.tech\/index.php?rest_route=\/wp\/v2\/pages\/987","targetHints":{"allow":["GET"]}}],"collection":[{"href":"http:\/\/nagare.tech\/index.php?rest_route=\/wp\/v2\/pages"}],"about":[{"href":"http:\/\/nagare.tech\/index.php?rest_route=\/wp\/v2\/types\/page"}],"author":[{"embeddable":true,"href":"http:\/\/nagare.tech\/index.php?rest_route=\/wp\/v2\/users\/1"}],"replies":[{"embeddable":true,"href":"http:\/\/nagare.tech\/index.php?rest_route=%2Fwp%2Fv2%2Fcomments&post=987"}],"version-history":[{"count":8,"href":"http:\/\/nagare.tech\/index.php?rest_route=\/wp\/v2\/pages\/987\/revisions"}],"predecessor-version":[{"id":1280,"href":"http:\/\/nagare.tech\/index.php?rest_route=\/wp\/v2\/pages\/987\/revisions\/1280"}],"wp:attachment":[{"href":"http:\/\/nagare.tech\/index.php?rest_route=%2Fwp%2Fv2%2Fmedia&parent=987"}],"curies":[{"name":"wp","href":"https:\/\/api.w.org\/{rel}","templated":true}]}}