{"id":939,"date":"2023-07-18T11:43:11","date_gmt":"2023-07-18T09:43:11","guid":{"rendered":"http:\/\/nagare.tech\/?page_id=939"},"modified":"2023-07-26T14:47:50","modified_gmt":"2023-07-26T12:47:50","slug":"optimisation-du-suivi-environnemental-de-decharge","status":"publish","type":"page","link":"http:\/\/nagare.tech\/?page_id=939","title":{"rendered":"Optimisation du suivi environnemental de d\u00e9charge"},"content":{"rendered":"\t\t<div data-elementor-type=\"wp-page\" data-elementor-id=\"939\" class=\"elementor elementor-939\">\n\t\t\t\t\t\t<section class=\"elementor-section elementor-top-section elementor-element elementor-element-00da472 elementor-section-boxed elementor-section-height-default elementor-section-height-default\" data-id=\"00da472\" data-element_type=\"section\" data-e-type=\"section\">\n\t\t\t\t\t\t<div class=\"elementor-container elementor-column-gap-default\">\n\t\t\t\t\t<div class=\"elementor-column elementor-col-100 elementor-top-column elementor-element elementor-element-1bf9a30\" data-id=\"1bf9a30\" data-element_type=\"column\" data-e-type=\"column\">\n\t\t\t<div class=\"elementor-widget-wrap elementor-element-populated\">\n\t\t\t\t\t\t<div class=\"elementor-element elementor-element-ab5c990 elementor-widget elementor-widget-text-editor\" data-id=\"ab5c990\" data-element_type=\"widget\" data-e-type=\"widget\" data-widget_type=\"text-editor.default\">\n\t\t\t\t<div class=\"elementor-widget-container\">\n\t\t\t\t\t\t\t\t\t<p>Le suivi environnemental d&rsquo;une d\u00e9charge se base en g\u00e9n\u00e9ral uniquement sur le suivi des concentrations au cours du temps. Cela nous donne bien entendu des informations sur l&rsquo;\u00e9volution de la qualit\u00e9 de l&rsquo;eau souterraine mais difficile d&rsquo;en dire plus.<\/p><p><i>\u00ab\u00a0En 2019 et 2020, on observe des concentrations sup\u00e9rieures aux normes aux Pz3 et Pz5, mais en 2021 on observe ces anomalies aux Pz4 et Pz8. Comment l&rsquo;expliquer ?\u00a0\u00bb<\/i><\/p><p>L&rsquo;expert en sites et sols pollu\u00e9s se retrouve ainsi avec des dizaines de graphiques sur l&rsquo;\u00e9volution des concentrations pour chaque pi\u00e9zom\u00e8tre et une \u00e9tude de tendance se r\u00e9v\u00e8le souvent impossible.<\/p><p>\u00a0<\/p><p>Comment d\u00e8s lors \u00e9valuer les risques de dispersion et optimiser ce plan de monitoring?<\/p>\t\t\t\t\t\t\t\t<\/div>\n\t\t\t\t<\/div>\n\t\t\t\t\t<\/div>\n\t\t<\/div>\n\t\t\t\t\t<\/div>\n\t\t<\/section>\n\t\t\t\t<section class=\"elementor-section elementor-top-section elementor-element elementor-element-82a52d7 elementor-section-boxed elementor-section-height-default elementor-section-height-default\" data-id=\"82a52d7\" data-element_type=\"section\" data-e-type=\"section\">\n\t\t\t\t\t\t<div class=\"elementor-container elementor-column-gap-default\">\n\t\t\t\t\t<div class=\"elementor-column elementor-col-50 elementor-top-column elementor-element elementor-element-64e728f\" data-id=\"64e728f\" data-element_type=\"column\" data-e-type=\"column\">\n\t\t\t<div class=\"elementor-widget-wrap elementor-element-populated\">\n\t\t\t\t\t\t<div class=\"elementor-element elementor-element-875be95 elementor-widget elementor-widget-image\" data-id=\"875be95\" data-element_type=\"widget\" data-e-type=\"widget\" data-widget_type=\"image.default\">\n\t\t\t\t<div class=\"elementor-widget-container\">\n\t\t\t\t\t\t\t\t\t\t\t\t\t\t\t<img fetchpriority=\"high\" decoding=\"async\" width=\"950\" height=\"854\" src=\"http:\/\/nagare.tech\/wp-content\/uploads\/2023\/07\/landfillcdr-1-1024x920.jpg\" class=\"attachment-large size-large wp-image-964\" alt=\"\" srcset=\"http:\/\/nagare.tech\/wp-content\/uploads\/2023\/07\/landfillcdr-1-1024x920.jpg 1024w, http:\/\/nagare.tech\/wp-content\/uploads\/2023\/07\/landfillcdr-1-300x269.jpg 300w, http:\/\/nagare.tech\/wp-content\/uploads\/2023\/07\/landfillcdr-1-768x690.jpg 768w, http:\/\/nagare.tech\/wp-content\/uploads\/2023\/07\/landfillcdr-1-600x539.jpg 600w, http:\/\/nagare.tech\/wp-content\/uploads\/2023\/07\/landfillcdr-1.jpg 1159w\" sizes=\"100vw\" \/>\t\t\t\t\t\t\t\t\t\t\t\t\t\t\t<\/div>\n\t\t\t\t<\/div>\n\t\t\t\t\t<\/div>\n\t\t<\/div>\n\t\t\t\t<div class=\"elementor-column elementor-col-50 elementor-top-column elementor-element elementor-element-bdfa292\" data-id=\"bdfa292\" data-element_type=\"column\" data-e-type=\"column\">\n\t\t\t<div class=\"elementor-widget-wrap elementor-element-populated\">\n\t\t\t\t\t\t<div class=\"elementor-element elementor-element-c63deba elementor-widget elementor-widget-image\" data-id=\"c63deba\" data-element_type=\"widget\" data-e-type=\"widget\" data-widget_type=\"image.default\">\n\t\t\t\t<div class=\"elementor-widget-container\">\n\t\t\t\t\t\t\t\t\t\t\t\t\t\t\t<img decoding=\"async\" width=\"950\" height=\"713\" src=\"http:\/\/nagare.tech\/wp-content\/uploads\/2023\/07\/350264795_570820855227328_5277408212436212345_n-1024x768.jpg\" class=\"attachment-large size-large wp-image-722\" alt=\"\" srcset=\"http:\/\/nagare.tech\/wp-content\/uploads\/2023\/07\/350264795_570820855227328_5277408212436212345_n-1024x768.jpg 1024w, http:\/\/nagare.tech\/wp-content\/uploads\/2023\/07\/350264795_570820855227328_5277408212436212345_n-300x225.jpg 300w, http:\/\/nagare.tech\/wp-content\/uploads\/2023\/07\/350264795_570820855227328_5277408212436212345_n-768x576.jpg 768w, http:\/\/nagare.tech\/wp-content\/uploads\/2023\/07\/350264795_570820855227328_5277408212436212345_n-1536x1152.jpg 1536w, http:\/\/nagare.tech\/wp-content\/uploads\/2023\/07\/350264795_570820855227328_5277408212436212345_n-2000x1500.jpg 2000w, http:\/\/nagare.tech\/wp-content\/uploads\/2023\/07\/350264795_570820855227328_5277408212436212345_n-600x450.jpg 600w, http:\/\/nagare.tech\/wp-content\/uploads\/2023\/07\/350264795_570820855227328_5277408212436212345_n.jpg 2048w\" sizes=\"100vw\" \/>\t\t\t\t\t\t\t\t\t\t\t\t\t\t\t<\/div>\n\t\t\t\t<\/div>\n\t\t\t\t\t<\/div>\n\t\t<\/div>\n\t\t\t\t\t<\/div>\n\t\t<\/section>\n\t\t\t\t<section class=\"elementor-section elementor-top-section elementor-element elementor-element-9404ff3 elementor-section-boxed elementor-section-height-default elementor-section-height-default\" data-id=\"9404ff3\" data-element_type=\"section\" data-e-type=\"section\">\n\t\t\t\t\t\t<div class=\"elementor-container elementor-column-gap-default\">\n\t\t\t\t\t<div class=\"elementor-column elementor-col-100 elementor-top-column elementor-element elementor-element-1011cc2\" data-id=\"1011cc2\" data-element_type=\"column\" data-e-type=\"column\">\n\t\t\t<div class=\"elementor-widget-wrap elementor-element-populated\">\n\t\t\t\t\t\t<div class=\"elementor-element elementor-element-9f190c2 elementor-widget elementor-widget-text-editor\" data-id=\"9f190c2\" data-element_type=\"widget\" data-e-type=\"widget\" data-widget_type=\"text-editor.default\">\n\t\t\t\t<div class=\"elementor-widget-container\">\n\t\t\t\t\t\t\t\t\t<p>\u00a0<\/p><p>Nagar\u00e9 mesure le flux d&rsquo;eau souterraine dans les pi\u00e9zom\u00e8tres situ\u00e9s \u00e0 l&rsquo;aval hydrog\u00e9ologique du panache (Pz1-5) afin de cibler les zones de d\u00e9charge pr\u00e9f\u00e9rentielles et de quantifier le d\u00e9bit massique de polluant.<\/p><p>Il est alors possible d&rsquo;optimiser le plan de monitoring <b>(r\u00e9duction du nombre de pi\u00e9zom\u00e8tres \u00e0 suivre, r\u00e9duction de la dur\u00e9e) <\/b>en cours gr\u00e2ce \u00e0 ces informations pertinentes.<\/p>\t\t\t\t\t\t\t\t<\/div>\n\t\t\t\t<\/div>\n\t\t\t\t<div class=\"elementor-element elementor-element-f83dfce elementor-widget__width-initial elementor-widget elementor-widget-image\" data-id=\"f83dfce\" data-element_type=\"widget\" data-e-type=\"widget\" data-widget_type=\"image.default\">\n\t\t\t\t<div class=\"elementor-widget-container\">\n\t\t\t\t\t\t\t\t\t\t\t\t\t\t\t<img decoding=\"async\" width=\"950\" height=\"511\" src=\"http:\/\/nagare.tech\/wp-content\/uploads\/2023\/07\/fig1-1024x551.jpg\" class=\"attachment-large size-large wp-image-885\" alt=\"\" srcset=\"http:\/\/nagare.tech\/wp-content\/uploads\/2023\/07\/fig1-1024x551.jpg 1024w, http:\/\/nagare.tech\/wp-content\/uploads\/2023\/07\/fig1-300x161.jpg 300w, http:\/\/nagare.tech\/wp-content\/uploads\/2023\/07\/fig1-768x413.jpg 768w, http:\/\/nagare.tech\/wp-content\/uploads\/2023\/07\/fig1-600x323.jpg 600w, http:\/\/nagare.tech\/wp-content\/uploads\/2023\/07\/fig1.jpg 1100w\" sizes=\"100vw\" \/>\t\t\t\t\t\t\t\t\t\t\t\t\t\t\t<\/div>\n\t\t\t\t<\/div>\n\t\t\t\t\t<\/div>\n\t\t<\/div>\n\t\t\t\t\t<\/div>\n\t\t<\/section>\n\t\t\t\t<section class=\"elementor-section elementor-top-section elementor-element elementor-element-8e3f64b elementor-section-boxed elementor-section-height-default elementor-section-height-default\" data-id=\"8e3f64b\" data-element_type=\"section\" data-e-type=\"section\">\n\t\t\t\t\t\t<div class=\"elementor-container elementor-column-gap-default\">\n\t\t\t\t\t<div class=\"elementor-column elementor-col-100 elementor-top-column elementor-element elementor-element-f9d4308\" data-id=\"f9d4308\" data-element_type=\"column\" data-e-type=\"column\">\n\t\t\t<div class=\"elementor-widget-wrap elementor-element-populated\">\n\t\t\t\t\t\t<div class=\"elementor-element elementor-element-2714155 elementor-widget elementor-widget-text-editor\" data-id=\"2714155\" data-element_type=\"widget\" data-e-type=\"widget\" data-widget_type=\"text-editor.default\">\n\t\t\t\t<div class=\"elementor-widget-container\">\n\t\t\t\t\t\t\t\t\t<p>L&rsquo;analyse du d\u00e9bit massique total permet \u00e9galement de r\u00e9aliser des \u00e9tudes de tendances robustes afin de suivre l&rsquo;\u00e9volution des concentrations pour le site dans son ensemble. On se retrouve ainsi, avec non plus des dizaines de graphiques \u00e0 analyser par pi\u00e9zom\u00e8tre et par polluant, mais avec un seul graphique par polluant pour le site dans son ensemble.<\/p><p>Il est alors possible de statuer sur les crit\u00e8res de non-aggravation du panache de polluant.<br><\/p>\t\t\t\t\t\t\t\t<\/div>\n\t\t\t\t<\/div>\n\t\t\t\t<div class=\"elementor-element elementor-element-c561ae5 elementor-widget elementor-widget-image\" data-id=\"c561ae5\" data-element_type=\"widget\" data-e-type=\"widget\" data-widget_type=\"image.default\">\n\t\t\t\t<div class=\"elementor-widget-container\">\n\t\t\t\t\t\t\t\t\t\t\t\t\t\t\t<img loading=\"lazy\" decoding=\"async\" width=\"950\" height=\"430\" src=\"http:\/\/nagare.tech\/wp-content\/uploads\/2023\/07\/etude-tendance-2-1024x463.jpg\" class=\"attachment-large size-large wp-image-945\" alt=\"\" srcset=\"http:\/\/nagare.tech\/wp-content\/uploads\/2023\/07\/etude-tendance-2-1024x463.jpg 1024w, http:\/\/nagare.tech\/wp-content\/uploads\/2023\/07\/etude-tendance-2-300x136.jpg 300w, http:\/\/nagare.tech\/wp-content\/uploads\/2023\/07\/etude-tendance-2-768x347.jpg 768w, http:\/\/nagare.tech\/wp-content\/uploads\/2023\/07\/etude-tendance-2-600x271.jpg 600w, http:\/\/nagare.tech\/wp-content\/uploads\/2023\/07\/etude-tendance-2.jpg 1205w\" sizes=\"100vw\" \/>\t\t\t\t\t\t\t\t\t\t\t\t\t\t\t<\/div>\n\t\t\t\t<\/div>\n\t\t\t\t\t<\/div>\n\t\t<\/div>\n\t\t\t\t\t<\/div>\n\t\t<\/section>\n\t\t\t\t<\/div>\n\t\t","protected":false},"excerpt":{"rendered":"<p>Le suivi environnemental d&rsquo;une d\u00e9charge se base en g\u00e9n\u00e9ral uniquement sur le suivi des concentrations au cours du temps. Cela nous donne bien entendu des informations sur l&rsquo;\u00e9volution de la qualit\u00e9 de l&rsquo;eau souterraine mais difficile d&rsquo;en dire plus. \u00ab\u00a0En 2019 et 2020, on observe des concentrations sup\u00e9rieures aux normes aux Pz3 et Pz5, mais &hellip; <\/p>\n<p class=\"link-more\"><a href=\"http:\/\/nagare.tech\/?page_id=939\" class=\"more-link\">Lire la suite de<span class=\"screen-reader-text\">\u00ab\u00a0Optimisation du suivi environnemental de d\u00e9charge\u00a0\u00bb<\/span><\/a><\/p>\n","protected":false},"author":1,"featured_media":0,"parent":0,"menu_order":0,"comment_status":"closed","ping_status":"closed","template":"","meta":{"om_disable_all_campaigns":false,"_monsterinsights_skip_tracking":false,"_monsterinsights_sitenote_active":false,"_monsterinsights_sitenote_note":"","_monsterinsights_sitenote_category":0,"footnotes":""},"class_list":["post-939","page","type-page","status-publish","hentry"],"aioseo_notices":[],"yoast_head":"<!-- This site is optimized with the Yoast SEO plugin v27.4 - https:\/\/yoast.com\/product\/yoast-seo-wordpress\/ -->\n<title>Optimisation du suivi environnemental de d\u00e9charge - NAGARE<\/title>\n<meta name=\"robots\" content=\"index, follow, max-snippet:-1, max-image-preview:large, max-video-preview:-1\" \/>\n<link rel=\"canonical\" href=\"http:\/\/nagare.tech\/?page_id=939\" \/>\n<meta property=\"og:locale\" content=\"fr_FR\" \/>\n<meta property=\"og:type\" content=\"article\" \/>\n<meta property=\"og:title\" content=\"Optimisation du suivi environnemental de d\u00e9charge - NAGARE\" \/>\n<meta property=\"og:description\" content=\"Le suivi environnemental d&rsquo;une d\u00e9charge se base en g\u00e9n\u00e9ral uniquement sur le suivi des concentrations au cours du temps. Cela nous donne bien entendu des informations sur l&rsquo;\u00e9volution de la qualit\u00e9 de l&rsquo;eau souterraine mais difficile d&rsquo;en dire plus. \u00ab\u00a0En 2019 et 2020, on observe des concentrations sup\u00e9rieures aux normes aux Pz3 et Pz5, mais &hellip; Lire la suite de\u00ab\u00a0Optimisation du suivi environnemental de d\u00e9charge\u00a0\u00bb\" \/>\n<meta property=\"og:url\" content=\"http:\/\/nagare.tech\/?page_id=939\" \/>\n<meta property=\"og:site_name\" content=\"NAGARE\" \/>\n<meta property=\"article:modified_time\" content=\"2023-07-26T12:47:50+00:00\" \/>\n<meta property=\"og:image\" content=\"http:\/\/nagare.tech\/wp-content\/uploads\/2023\/07\/landfillcdr-1-1024x920.jpg\" \/>\n<meta name=\"twitter:card\" content=\"summary_large_image\" \/>\n<meta name=\"twitter:label1\" content=\"Dur\u00e9e de lecture estim\u00e9e\" \/>\n\t<meta name=\"twitter:data1\" content=\"1 minute\" \/>\n<script type=\"application\/ld+json\" class=\"yoast-schema-graph\">{\"@context\":\"https:\\\/\\\/schema.org\",\"@graph\":[{\"@type\":\"WebPage\",\"@id\":\"http:\\\/\\\/nagare.tech\\\/?page_id=939\",\"url\":\"http:\\\/\\\/nagare.tech\\\/?page_id=939\",\"name\":\"Optimisation du suivi environnemental de d\u00e9charge - NAGARE\",\"isPartOf\":{\"@id\":\"http:\\\/\\\/nagare.tech\\\/#website\"},\"primaryImageOfPage\":{\"@id\":\"http:\\\/\\\/nagare.tech\\\/?page_id=939#primaryimage\"},\"image\":{\"@id\":\"http:\\\/\\\/nagare.tech\\\/?page_id=939#primaryimage\"},\"thumbnailUrl\":\"http:\\\/\\\/nagare.tech\\\/wp-content\\\/uploads\\\/2023\\\/07\\\/landfillcdr-1-1024x920.jpg\",\"datePublished\":\"2023-07-18T09:43:11+00:00\",\"dateModified\":\"2023-07-26T12:47:50+00:00\",\"breadcrumb\":{\"@id\":\"http:\\\/\\\/nagare.tech\\\/?page_id=939#breadcrumb\"},\"inLanguage\":\"fr-FR\",\"potentialAction\":[{\"@type\":\"ReadAction\",\"target\":[\"http:\\\/\\\/nagare.tech\\\/?page_id=939\"]}]},{\"@type\":\"ImageObject\",\"inLanguage\":\"fr-FR\",\"@id\":\"http:\\\/\\\/nagare.tech\\\/?page_id=939#primaryimage\",\"url\":\"http:\\\/\\\/nagare.tech\\\/wp-content\\\/uploads\\\/2023\\\/07\\\/landfillcdr-1.jpg\",\"contentUrl\":\"http:\\\/\\\/nagare.tech\\\/wp-content\\\/uploads\\\/2023\\\/07\\\/landfillcdr-1.jpg\",\"width\":1159,\"height\":1041},{\"@type\":\"BreadcrumbList\",\"@id\":\"http:\\\/\\\/nagare.tech\\\/?page_id=939#breadcrumb\",\"itemListElement\":[{\"@type\":\"ListItem\",\"position\":1,\"name\":\"Accueil\",\"item\":\"http:\\\/\\\/nagare.tech\\\/\"},{\"@type\":\"ListItem\",\"position\":2,\"name\":\"Optimisation du suivi environnemental de d\u00e9charge\"}]},{\"@type\":\"WebSite\",\"@id\":\"http:\\\/\\\/nagare.tech\\\/#website\",\"url\":\"http:\\\/\\\/nagare.tech\\\/\",\"name\":\"NAGARE\",\"description\":\"Monitoring des flux d&#039;eau souterraines\",\"publisher\":{\"@id\":\"http:\\\/\\\/nagare.tech\\\/#organization\"},\"potentialAction\":[{\"@type\":\"SearchAction\",\"target\":{\"@type\":\"EntryPoint\",\"urlTemplate\":\"http:\\\/\\\/nagare.tech\\\/?s={search_term_string}\"},\"query-input\":{\"@type\":\"PropertyValueSpecification\",\"valueRequired\":true,\"valueName\":\"search_term_string\"}}],\"inLanguage\":\"fr-FR\"},{\"@type\":\"Organization\",\"@id\":\"http:\\\/\\\/nagare.tech\\\/#organization\",\"name\":\"NAGARE\",\"url\":\"http:\\\/\\\/nagare.tech\\\/\",\"logo\":{\"@type\":\"ImageObject\",\"inLanguage\":\"fr-FR\",\"@id\":\"http:\\\/\\\/nagare.tech\\\/#\\\/schema\\\/logo\\\/image\\\/\",\"url\":\"http:\\\/\\\/nagare.tech\\\/wp-content\\\/uploads\\\/2022\\\/09\\\/cropped-Untitled-1.gif\",\"contentUrl\":\"http:\\\/\\\/nagare.tech\\\/wp-content\\\/uploads\\\/2022\\\/09\\\/cropped-Untitled-1.gif\",\"width\":852,\"height\":852,\"caption\":\"NAGARE\"},\"image\":{\"@id\":\"http:\\\/\\\/nagare.tech\\\/#\\\/schema\\\/logo\\\/image\\\/\"}}]}<\/script>\n<!-- \/ Yoast SEO plugin. -->","yoast_head_json":{"title":"Optimisation du suivi environnemental de d\u00e9charge - NAGARE","robots":{"index":"index","follow":"follow","max-snippet":"max-snippet:-1","max-image-preview":"max-image-preview:large","max-video-preview":"max-video-preview:-1"},"canonical":"http:\/\/nagare.tech\/?page_id=939","og_locale":"fr_FR","og_type":"article","og_title":"Optimisation du suivi environnemental de d\u00e9charge - NAGARE","og_description":"Le suivi environnemental d&rsquo;une d\u00e9charge se base en g\u00e9n\u00e9ral uniquement sur le suivi des concentrations au cours du temps. Cela nous donne bien entendu des informations sur l&rsquo;\u00e9volution de la qualit\u00e9 de l&rsquo;eau souterraine mais difficile d&rsquo;en dire plus. \u00ab\u00a0En 2019 et 2020, on observe des concentrations sup\u00e9rieures aux normes aux Pz3 et Pz5, mais &hellip; Lire la suite de\u00ab\u00a0Optimisation du suivi environnemental de d\u00e9charge\u00a0\u00bb","og_url":"http:\/\/nagare.tech\/?page_id=939","og_site_name":"NAGARE","article_modified_time":"2023-07-26T12:47:50+00:00","og_image":[{"url":"http:\/\/nagare.tech\/wp-content\/uploads\/2023\/07\/landfillcdr-1-1024x920.jpg","type":"","width":"","height":""}],"twitter_card":"summary_large_image","twitter_misc":{"Dur\u00e9e de lecture estim\u00e9e":"1 minute"},"schema":{"@context":"https:\/\/schema.org","@graph":[{"@type":"WebPage","@id":"http:\/\/nagare.tech\/?page_id=939","url":"http:\/\/nagare.tech\/?page_id=939","name":"Optimisation du suivi environnemental de d\u00e9charge - NAGARE","isPartOf":{"@id":"http:\/\/nagare.tech\/#website"},"primaryImageOfPage":{"@id":"http:\/\/nagare.tech\/?page_id=939#primaryimage"},"image":{"@id":"http:\/\/nagare.tech\/?page_id=939#primaryimage"},"thumbnailUrl":"http:\/\/nagare.tech\/wp-content\/uploads\/2023\/07\/landfillcdr-1-1024x920.jpg","datePublished":"2023-07-18T09:43:11+00:00","dateModified":"2023-07-26T12:47:50+00:00","breadcrumb":{"@id":"http:\/\/nagare.tech\/?page_id=939#breadcrumb"},"inLanguage":"fr-FR","potentialAction":[{"@type":"ReadAction","target":["http:\/\/nagare.tech\/?page_id=939"]}]},{"@type":"ImageObject","inLanguage":"fr-FR","@id":"http:\/\/nagare.tech\/?page_id=939#primaryimage","url":"http:\/\/nagare.tech\/wp-content\/uploads\/2023\/07\/landfillcdr-1.jpg","contentUrl":"http:\/\/nagare.tech\/wp-content\/uploads\/2023\/07\/landfillcdr-1.jpg","width":1159,"height":1041},{"@type":"BreadcrumbList","@id":"http:\/\/nagare.tech\/?page_id=939#breadcrumb","itemListElement":[{"@type":"ListItem","position":1,"name":"Accueil","item":"http:\/\/nagare.tech\/"},{"@type":"ListItem","position":2,"name":"Optimisation du suivi environnemental de d\u00e9charge"}]},{"@type":"WebSite","@id":"http:\/\/nagare.tech\/#website","url":"http:\/\/nagare.tech\/","name":"NAGARE","description":"Monitoring des flux d&#039;eau souterraines","publisher":{"@id":"http:\/\/nagare.tech\/#organization"},"potentialAction":[{"@type":"SearchAction","target":{"@type":"EntryPoint","urlTemplate":"http:\/\/nagare.tech\/?s={search_term_string}"},"query-input":{"@type":"PropertyValueSpecification","valueRequired":true,"valueName":"search_term_string"}}],"inLanguage":"fr-FR"},{"@type":"Organization","@id":"http:\/\/nagare.tech\/#organization","name":"NAGARE","url":"http:\/\/nagare.tech\/","logo":{"@type":"ImageObject","inLanguage":"fr-FR","@id":"http:\/\/nagare.tech\/#\/schema\/logo\/image\/","url":"http:\/\/nagare.tech\/wp-content\/uploads\/2022\/09\/cropped-Untitled-1.gif","contentUrl":"http:\/\/nagare.tech\/wp-content\/uploads\/2022\/09\/cropped-Untitled-1.gif","width":852,"height":852,"caption":"NAGARE"},"image":{"@id":"http:\/\/nagare.tech\/#\/schema\/logo\/image\/"}}]}},"featured_media_urls":[],"_links":{"self":[{"href":"http:\/\/nagare.tech\/index.php?rest_route=\/wp\/v2\/pages\/939","targetHints":{"allow":["GET"]}}],"collection":[{"href":"http:\/\/nagare.tech\/index.php?rest_route=\/wp\/v2\/pages"}],"about":[{"href":"http:\/\/nagare.tech\/index.php?rest_route=\/wp\/v2\/types\/page"}],"author":[{"embeddable":true,"href":"http:\/\/nagare.tech\/index.php?rest_route=\/wp\/v2\/users\/1"}],"replies":[{"embeddable":true,"href":"http:\/\/nagare.tech\/index.php?rest_route=%2Fwp%2Fv2%2Fcomments&post=939"}],"version-history":[{"count":26,"href":"http:\/\/nagare.tech\/index.php?rest_route=\/wp\/v2\/pages\/939\/revisions"}],"predecessor-version":[{"id":1352,"href":"http:\/\/nagare.tech\/index.php?rest_route=\/wp\/v2\/pages\/939\/revisions\/1352"}],"wp:attachment":[{"href":"http:\/\/nagare.tech\/index.php?rest_route=%2Fwp%2Fv2%2Fmedia&parent=939"}],"curies":[{"name":"wp","href":"https:\/\/api.w.org\/{rel}","templated":true}]}}