{"id":1455,"date":"2023-08-03T11:19:45","date_gmt":"2023-08-03T09:19:45","guid":{"rendered":"http:\/\/nagare.tech\/?page_id=1455"},"modified":"2023-11-17T11:30:58","modified_gmt":"2023-11-17T10:30:58","slug":"environnement","status":"publish","type":"page","link":"http:\/\/nagare.tech\/?page_id=1455","title":{"rendered":"Environnement"},"content":{"rendered":"\t\t<div data-elementor-type=\"wp-page\" data-elementor-id=\"1455\" class=\"elementor elementor-1455\">\n\t\t\t\t\t\t<section class=\"elementor-section elementor-top-section elementor-element elementor-element-bb8877b elementor-section-boxed elementor-section-height-default elementor-section-height-default\" data-id=\"bb8877b\" data-element_type=\"section\" data-e-type=\"section\">\n\t\t\t\t\t\t<div class=\"elementor-container elementor-column-gap-default\">\n\t\t\t\t\t<div class=\"elementor-column elementor-col-100 elementor-top-column elementor-element elementor-element-fa580a0\" data-id=\"fa580a0\" data-element_type=\"column\" data-e-type=\"column\">\n\t\t\t<div class=\"elementor-widget-wrap\">\n\t\t\t\t\t\t\t<\/div>\n\t\t<\/div>\n\t\t\t\t\t<\/div>\n\t\t<\/section>\n\t\t\t\t<section class=\"elementor-section elementor-top-section elementor-element elementor-element-5e95d6f elementor-section-boxed elementor-section-height-default elementor-section-height-default\" data-id=\"5e95d6f\" data-element_type=\"section\" data-e-type=\"section\">\n\t\t\t\t\t\t<div class=\"elementor-container elementor-column-gap-default\">\n\t\t\t\t\t<div class=\"elementor-column elementor-col-50 elementor-top-column elementor-element elementor-element-0f38927\" data-id=\"0f38927\" data-element_type=\"column\" data-e-type=\"column\">\n\t\t\t<div class=\"elementor-widget-wrap elementor-element-populated\">\n\t\t\t\t\t\t<div class=\"elementor-element elementor-element-7885d4b elementor-widget elementor-widget-e_image_hover_effects\" data-id=\"7885d4b\" data-element_type=\"widget\" data-e-type=\"widget\" data-widget_type=\"e_image_hover_effects.default\">\n\t\t\t\t<div class=\"elementor-widget-container\">\n\t\t\t\t\t\t\t\t<a href=\"http:\/\/nagare.tech\/?page_id=1066\">\n\t\t\t\t\t<div class=\"eihe-box eihe-fade-in-up eihe_center\">\n\t\t\t\t<img fetchpriority=\"high\" decoding=\"async\" width=\"462\" height=\"587\" src=\"http:\/\/nagare.tech\/wp-content\/uploads\/2023\/07\/treepump1.jpg\" class=\"attachment-full size-full wp-image-1068\" alt=\"\" srcset=\"http:\/\/nagare.tech\/wp-content\/uploads\/2023\/07\/treepump1.jpg 462w, http:\/\/nagare.tech\/wp-content\/uploads\/2023\/07\/treepump1-236x300.jpg 236w\" sizes=\"100vw\" \/>\t\t\t\t<div class=\"eihe-caption\">\n\t\t\t\t\t<div class=\"eihe-title-cover\">\n\t\t\t\t\t\t\t\t\t\t\t\t<h3 class=\"eihe-title\">Mesure de l'efficacit\u00e9 de la d\u00e9pollution par les arbres<\/h3>\n\t\t\t\t\t\t\t\t\t\t\t<\/div>\n\t\t\t\t\t<p><\/p>\n\t\t\t\t<\/div>\n\t\t\t<\/div>\n\t\t\t\t\t<\/a>\n\t\t\t\t\t\t<\/div>\n\t\t\t\t<\/div>\n\t\t\t\t\t<\/div>\n\t\t<\/div>\n\t\t\t\t<div class=\"elementor-column elementor-col-50 elementor-top-column elementor-element elementor-element-5d5cd59\" data-id=\"5d5cd59\" data-element_type=\"column\" data-e-type=\"column\">\n\t\t\t<div class=\"elementor-widget-wrap elementor-element-populated\">\n\t\t\t\t\t\t<div class=\"elementor-element elementor-element-7979107 elementor-widget elementor-widget-e_image_hover_effects\" data-id=\"7979107\" data-element_type=\"widget\" data-e-type=\"widget\" data-widget_type=\"e_image_hover_effects.default\">\n\t\t\t\t<div class=\"elementor-widget-container\">\n\t\t\t\t\t\t\t\t<a href=\"http:\/\/nagare.tech\/?page_id=1139\">\n\t\t\t\t\t<div class=\"eihe-box eihe-fade-in-up eihe_center\">\n\t\t\t\t<img decoding=\"async\" width=\"1600\" height=\"1200\" src=\"http:\/\/nagare.tech\/wp-content\/uploads\/2023\/07\/07_Umiujaq_2016_Setup-FVPDM_14.jpg\" class=\"attachment-full size-full wp-image-1155\" alt=\"\" srcset=\"http:\/\/nagare.tech\/wp-content\/uploads\/2023\/07\/07_Umiujaq_2016_Setup-FVPDM_14.jpg 1600w, http:\/\/nagare.tech\/wp-content\/uploads\/2023\/07\/07_Umiujaq_2016_Setup-FVPDM_14-300x225.jpg 300w, http:\/\/nagare.tech\/wp-content\/uploads\/2023\/07\/07_Umiujaq_2016_Setup-FVPDM_14-1024x768.jpg 1024w, http:\/\/nagare.tech\/wp-content\/uploads\/2023\/07\/07_Umiujaq_2016_Setup-FVPDM_14-768x576.jpg 768w, http:\/\/nagare.tech\/wp-content\/uploads\/2023\/07\/07_Umiujaq_2016_Setup-FVPDM_14-1536x1152.jpg 1536w, http:\/\/nagare.tech\/wp-content\/uploads\/2023\/07\/07_Umiujaq_2016_Setup-FVPDM_14-600x450.jpg 600w\" sizes=\"100vw\" \/>\t\t\t\t<div class=\"eihe-caption\">\n\t\t\t\t\t<div class=\"eihe-title-cover\">\n\t\t\t\t\t\t\t\t\t\t\t\t<h3 class=\"eihe-title\">Etude de la fonte du permafrost<\/h3>\n\t\t\t\t\t\t\t\t\t\t\t<\/div>\n\t\t\t\t\t<p><\/p>\n\t\t\t\t<\/div>\n\t\t\t<\/div>\n\t\t\t\t\t<\/a>\n\t\t\t\t\t\t<\/div>\n\t\t\t\t<\/div>\n\t\t\t\t\t<\/div>\n\t\t<\/div>\n\t\t\t\t\t<\/div>\n\t\t<\/section>\n\t\t\t\t<section class=\"elementor-section elementor-top-section elementor-element elementor-element-9fc3cbd elementor-section-boxed elementor-section-height-default elementor-section-height-default\" data-id=\"9fc3cbd\" data-element_type=\"section\" data-e-type=\"section\">\n\t\t\t\t\t\t<div class=\"elementor-container elementor-column-gap-default\">\n\t\t\t\t\t<div class=\"elementor-column elementor-col-50 elementor-top-column elementor-element elementor-element-7a7b2fc\" data-id=\"7a7b2fc\" data-element_type=\"column\" data-e-type=\"column\">\n\t\t\t<div class=\"elementor-widget-wrap elementor-element-populated\">\n\t\t\t\t\t\t<div class=\"elementor-element elementor-element-5d78f5d elementor-widget elementor-widget-e_image_hover_effects\" data-id=\"5d78f5d\" data-element_type=\"widget\" data-e-type=\"widget\" data-widget_type=\"e_image_hover_effects.default\">\n\t\t\t\t<div class=\"elementor-widget-container\">\n\t\t\t\t\t\t\t\t<a href=\"http:\/\/nagare.tech\/?page_id=1321\">\n\t\t\t\t\t<div class=\"eihe-box eihe-fade-in-up eihe_center\">\n\t\t\t\t<img decoding=\"async\" width=\"1280\" height=\"848\" src=\"http:\/\/nagare.tech\/wp-content\/uploads\/2023\/07\/channel-gce80e3e4d_1280.jpg\" class=\"attachment-full size-full wp-image-1324\" alt=\"\" srcset=\"http:\/\/nagare.tech\/wp-content\/uploads\/2023\/07\/channel-gce80e3e4d_1280.jpg 1280w, http:\/\/nagare.tech\/wp-content\/uploads\/2023\/07\/channel-gce80e3e4d_1280-300x199.jpg 300w, http:\/\/nagare.tech\/wp-content\/uploads\/2023\/07\/channel-gce80e3e4d_1280-1024x678.jpg 1024w, http:\/\/nagare.tech\/wp-content\/uploads\/2023\/07\/channel-gce80e3e4d_1280-768x509.jpg 768w, http:\/\/nagare.tech\/wp-content\/uploads\/2023\/07\/channel-gce80e3e4d_1280-600x398.jpg 600w\" sizes=\"100vw\" \/>\t\t\t\t<div class=\"eihe-caption\">\n\t\t\t\t\t<div class=\"eihe-title-cover\">\n\t\t\t\t\t\t\t\t\t\t\t\t<h3 class=\"eihe-title\">Re-naturalisation de berges<\/h3>\n\t\t\t\t\t\t\t\t\t\t\t<\/div>\n\t\t\t\t\t<p><\/p>\n\t\t\t\t<\/div>\n\t\t\t<\/div>\n\t\t\t\t\t<\/a>\n\t\t\t\t\t\t<\/div>\n\t\t\t\t<\/div>\n\t\t\t\t\t<\/div>\n\t\t<\/div>\n\t\t\t\t<div class=\"elementor-column elementor-col-50 elementor-top-column elementor-element elementor-element-96af42d\" data-id=\"96af42d\" data-element_type=\"column\" data-e-type=\"column\">\n\t\t\t<div class=\"elementor-widget-wrap elementor-element-populated\">\n\t\t\t\t\t\t<div class=\"elementor-element elementor-element-565cd9f elementor-widget elementor-widget-e_image_hover_effects\" data-id=\"565cd9f\" data-element_type=\"widget\" data-e-type=\"widget\" data-widget_type=\"e_image_hover_effects.default\">\n\t\t\t\t<div class=\"elementor-widget-container\">\n\t\t\t\t\t\t\t\t<a href=\"http:\/\/nagare.tech\/?page_id=924\">\n\t\t\t\t\t<div class=\"eihe-box eihe-fade-in-up eihe_center\">\n\t\t\t\t<img loading=\"lazy\" decoding=\"async\" width=\"1920\" height=\"1440\" src=\"http:\/\/nagare.tech\/wp-content\/uploads\/2022\/09\/quarry-g961376b9e_1920.jpg\" class=\"attachment-full size-full wp-image-451\" alt=\"\" srcset=\"http:\/\/nagare.tech\/wp-content\/uploads\/2022\/09\/quarry-g961376b9e_1920.jpg 1920w, http:\/\/nagare.tech\/wp-content\/uploads\/2022\/09\/quarry-g961376b9e_1920-300x225.jpg 300w, http:\/\/nagare.tech\/wp-content\/uploads\/2022\/09\/quarry-g961376b9e_1920-1024x768.jpg 1024w, http:\/\/nagare.tech\/wp-content\/uploads\/2022\/09\/quarry-g961376b9e_1920-768x576.jpg 768w, http:\/\/nagare.tech\/wp-content\/uploads\/2022\/09\/quarry-g961376b9e_1920-1536x1152.jpg 1536w, http:\/\/nagare.tech\/wp-content\/uploads\/2022\/09\/quarry-g961376b9e_1920-600x450.jpg 600w\" sizes=\"100vw\" \/>\t\t\t\t<div class=\"eihe-caption\">\n\t\t\t\t\t<div class=\"eihe-title-cover\">\n\t\t\t\t\t\t\t\t\t\t\t\t<h3 class=\"eihe-title\">Venue d'eau en carri\u00e8re<\/h3>\n\t\t\t\t\t\t\t\t\t\t\t<\/div>\n\t\t\t\t\t<p><\/p>\n\t\t\t\t<\/div>\n\t\t\t<\/div>\n\t\t\t\t\t<\/a>\n\t\t\t\t\t\t<\/div>\n\t\t\t\t<\/div>\n\t\t\t\t\t<\/div>\n\t\t<\/div>\n\t\t\t\t\t<\/div>\n\t\t<\/section>\n\t\t\t\t<section class=\"elementor-section elementor-top-section elementor-element elementor-element-4217906 elementor-section-boxed elementor-section-height-default elementor-section-height-default\" data-id=\"4217906\" data-element_type=\"section\" data-e-type=\"section\">\n\t\t\t\t\t\t<div class=\"elementor-container elementor-column-gap-default\">\n\t\t\t\t\t<div class=\"elementor-column elementor-col-50 elementor-top-column elementor-element elementor-element-6cede7e\" data-id=\"6cede7e\" data-element_type=\"column\" data-e-type=\"column\">\n\t\t\t<div class=\"elementor-widget-wrap elementor-element-populated\">\n\t\t\t\t\t\t<div class=\"elementor-element elementor-element-bd128ef elementor-widget elementor-widget-e_image_hover_effects\" data-id=\"bd128ef\" data-element_type=\"widget\" data-e-type=\"widget\" data-widget_type=\"e_image_hover_effects.default\">\n\t\t\t\t<div class=\"elementor-widget-container\">\n\t\t\t\t\t\t\t\t<a href=\"http:\/\/nagare.tech\/sites-et-sols-pollues\/\">\n\t\t\t\t\t<div class=\"eihe-box eihe-fade-in-up eihe_center\">\n\t\t\t\t<img loading=\"lazy\" decoding=\"async\" width=\"2048\" height=\"1536\" src=\"http:\/\/nagare.tech\/wp-content\/uploads\/2023\/07\/337547977_3362255387356577_1906248173545290402_n.jpg\" class=\"attachment-full size-full wp-image-720\" alt=\"\" srcset=\"http:\/\/nagare.tech\/wp-content\/uploads\/2023\/07\/337547977_3362255387356577_1906248173545290402_n.jpg 2048w, http:\/\/nagare.tech\/wp-content\/uploads\/2023\/07\/337547977_3362255387356577_1906248173545290402_n-300x225.jpg 300w, http:\/\/nagare.tech\/wp-content\/uploads\/2023\/07\/337547977_3362255387356577_1906248173545290402_n-1024x768.jpg 1024w, http:\/\/nagare.tech\/wp-content\/uploads\/2023\/07\/337547977_3362255387356577_1906248173545290402_n-768x576.jpg 768w, http:\/\/nagare.tech\/wp-content\/uploads\/2023\/07\/337547977_3362255387356577_1906248173545290402_n-1536x1152.jpg 1536w, http:\/\/nagare.tech\/wp-content\/uploads\/2023\/07\/337547977_3362255387356577_1906248173545290402_n-2000x1500.jpg 2000w, http:\/\/nagare.tech\/wp-content\/uploads\/2023\/07\/337547977_3362255387356577_1906248173545290402_n-600x450.jpg 600w\" sizes=\"100vw\" \/>\t\t\t\t<div class=\"eihe-caption\">\n\t\t\t\t\t<div class=\"eihe-title-cover\">\n\t\t\t\t\t\t\t\t\t\t\t\t<h3 class=\"eihe-title\">Sites et sols pollu\u00e9s<\/h3>\n\t\t\t\t\t\t\t\t\t\t\t<\/div>\n\t\t\t\t\t<p><\/p>\n\t\t\t\t<\/div>\n\t\t\t<\/div>\n\t\t\t\t\t<\/a>\n\t\t\t\t\t\t<\/div>\n\t\t\t\t<\/div>\n\t\t\t\t\t<\/div>\n\t\t<\/div>\n\t\t\t\t<div class=\"elementor-column elementor-col-50 elementor-top-column elementor-element elementor-element-7925e65\" data-id=\"7925e65\" data-element_type=\"column\" data-e-type=\"column\">\n\t\t\t<div class=\"elementor-widget-wrap elementor-element-populated\">\n\t\t\t\t\t\t<div class=\"elementor-element elementor-element-4bfcb40 elementor-widget elementor-widget-e_image_hover_effects\" data-id=\"4bfcb40\" data-element_type=\"widget\" data-e-type=\"widget\" data-widget_type=\"e_image_hover_effects.default\">\n\t\t\t\t<div class=\"elementor-widget-container\">\n\t\t\t\t\t\t\t\t<a href=\"http:\/\/nagare.tech\/?page_id=677\">\n\t\t\t\t\t<div class=\"eihe-box eihe-fade-in-up eihe_center\">\n\t\t\t\t<img loading=\"lazy\" decoding=\"async\" width=\"2506\" height=\"1600\" src=\"http:\/\/nagare.tech\/wp-content\/uploads\/2022\/06\/IMG_20220614_140730d.jpg\" class=\"attachment-full size-full wp-image-372\" alt=\"\" srcset=\"http:\/\/nagare.tech\/wp-content\/uploads\/2022\/06\/IMG_20220614_140730d.jpg 2506w, http:\/\/nagare.tech\/wp-content\/uploads\/2022\/06\/IMG_20220614_140730d-300x192.jpg 300w, http:\/\/nagare.tech\/wp-content\/uploads\/2022\/06\/IMG_20220614_140730d-1024x654.jpg 1024w, http:\/\/nagare.tech\/wp-content\/uploads\/2022\/06\/IMG_20220614_140730d-768x490.jpg 768w, http:\/\/nagare.tech\/wp-content\/uploads\/2022\/06\/IMG_20220614_140730d-1536x981.jpg 1536w, http:\/\/nagare.tech\/wp-content\/uploads\/2022\/06\/IMG_20220614_140730d-2048x1308.jpg 2048w, http:\/\/nagare.tech\/wp-content\/uploads\/2022\/06\/IMG_20220614_140730d-2000x1277.jpg 2000w, http:\/\/nagare.tech\/wp-content\/uploads\/2022\/06\/IMG_20220614_140730d-600x383.jpg 600w\" sizes=\"100vw\" \/>\t\t\t\t<div class=\"eihe-caption\">\n\t\t\t\t\t<div class=\"eihe-title-cover\">\n\t\t\t\t\t\t\t\t\t\t\t\t<h3 class=\"eihe-title\">Monitoring des mar\u00e9es sur l'aquif\u00e8re c\u00f4tier<\/h3>\n\t\t\t\t\t\t\t\t\t\t\t<\/div>\n\t\t\t\t\t<p><\/p>\n\t\t\t\t<\/div>\n\t\t\t<\/div>\n\t\t\t\t\t<\/a>\n\t\t\t\t\t\t<\/div>\n\t\t\t\t<\/div>\n\t\t\t\t\t<\/div>\n\t\t<\/div>\n\t\t\t\t\t<\/div>\n\t\t<\/section>\n\t\t\t\t<section class=\"elementor-section elementor-top-section elementor-element elementor-element-9666eaa elementor-section-boxed elementor-section-height-default elementor-section-height-default\" data-id=\"9666eaa\" data-element_type=\"section\" data-e-type=\"section\">\n\t\t\t\t\t\t<div class=\"elementor-container elementor-column-gap-default\">\n\t\t\t\t\t<div class=\"elementor-column elementor-col-50 elementor-top-column elementor-element elementor-element-0ed7559\" data-id=\"0ed7559\" data-element_type=\"column\" data-e-type=\"column\">\n\t\t\t<div class=\"elementor-widget-wrap elementor-element-populated\">\n\t\t\t\t\t\t<div class=\"elementor-element elementor-element-2637ca0 elementor-widget elementor-widget-e_image_hover_effects\" data-id=\"2637ca0\" data-element_type=\"widget\" data-e-type=\"widget\" data-widget_type=\"e_image_hover_effects.default\">\n\t\t\t\t<div class=\"elementor-widget-container\">\n\t\t\t\t\t\t\t\t<a href=\"http:\/\/nagare.tech\/?page_id=1511\">\n\t\t\t\t\t<div class=\"eihe-box eihe-fade-in-up eihe_center\">\n\t\t\t\t<img loading=\"lazy\" decoding=\"async\" width=\"1211\" height=\"908\" src=\"http:\/\/nagare.tech\/wp-content\/uploads\/2023\/08\/IMG_20210723_143847b.jpg\" class=\"attachment-full size-full wp-image-1518\" alt=\"\" srcset=\"http:\/\/nagare.tech\/wp-content\/uploads\/2023\/08\/IMG_20210723_143847b.jpg 1211w, http:\/\/nagare.tech\/wp-content\/uploads\/2023\/08\/IMG_20210723_143847b-300x225.jpg 300w, http:\/\/nagare.tech\/wp-content\/uploads\/2023\/08\/IMG_20210723_143847b-1024x768.jpg 1024w, http:\/\/nagare.tech\/wp-content\/uploads\/2023\/08\/IMG_20210723_143847b-768x576.jpg 768w, http:\/\/nagare.tech\/wp-content\/uploads\/2023\/08\/IMG_20210723_143847b-600x450.jpg 600w\" sizes=\"100vw\" \/>\t\t\t\t<div class=\"eihe-caption\">\n\t\t\t\t\t<div class=\"eihe-title-cover\">\n\t\t\t\t\t\t\t\t\t\t\t\t<h3 class=\"eihe-title\">Infiltration d'eau sous une digure<\/h3>\n\t\t\t\t\t\t\t\t\t\t\t<\/div>\n\t\t\t\t\t<p><\/p>\n\t\t\t\t<\/div>\n\t\t\t<\/div>\n\t\t\t\t\t<\/a>\n\t\t\t\t\t\t<\/div>\n\t\t\t\t<\/div>\n\t\t\t\t\t<\/div>\n\t\t<\/div>\n\t\t\t\t<div class=\"elementor-column elementor-col-50 elementor-top-column elementor-element elementor-element-246b6b0\" data-id=\"246b6b0\" data-element_type=\"column\" data-e-type=\"column\">\n\t\t\t<div class=\"elementor-widget-wrap elementor-element-populated\">\n\t\t\t\t\t\t<div class=\"elementor-element elementor-element-07313a4 elementor-widget elementor-widget-e_image_hover_effects\" data-id=\"07313a4\" data-element_type=\"widget\" data-e-type=\"widget\" data-widget_type=\"e_image_hover_effects.default\">\n\t\t\t\t<div class=\"elementor-widget-container\">\n\t\t\t\t\t\t\t\t<a href=\"http:\/\/nagare.tech\/?page_id=1868\">\n\t\t\t\t\t<div class=\"eihe-box eihe-fade-in-up eihe_center\">\n\t\t\t\t<img loading=\"lazy\" decoding=\"async\" width=\"2560\" height=\"1833\" src=\"http:\/\/nagare.tech\/wp-content\/uploads\/2023\/11\/PFAS-scaled.jpg\" class=\"attachment-full size-full wp-image-1875\" alt=\"\" srcset=\"http:\/\/nagare.tech\/wp-content\/uploads\/2023\/11\/PFAS-scaled.jpg 2560w, http:\/\/nagare.tech\/wp-content\/uploads\/2023\/11\/PFAS-300x215.jpg 300w, http:\/\/nagare.tech\/wp-content\/uploads\/2023\/11\/PFAS-1024x733.jpg 1024w, http:\/\/nagare.tech\/wp-content\/uploads\/2023\/11\/PFAS-768x550.jpg 768w, http:\/\/nagare.tech\/wp-content\/uploads\/2023\/11\/PFAS-1536x1100.jpg 1536w, http:\/\/nagare.tech\/wp-content\/uploads\/2023\/11\/PFAS-2048x1466.jpg 2048w, http:\/\/nagare.tech\/wp-content\/uploads\/2023\/11\/PFAS-2000x1432.jpg 2000w, http:\/\/nagare.tech\/wp-content\/uploads\/2023\/11\/PFAS-600x430.jpg 600w\" sizes=\"100vw\" \/>\t\t\t\t<div class=\"eihe-caption\">\n\t\t\t\t\t<div class=\"eihe-title-cover\">\n\t\t\t\t\t\t\t\t\t\t\t\t<h3 class=\"eihe-title\">PFAS<\/h3>\n\t\t\t\t\t\t\t\t\t\t\t<\/div>\n\t\t\t\t\t<p><\/p>\n\t\t\t\t<\/div>\n\t\t\t<\/div>\n\t\t\t\t\t<\/a>\n\t\t\t\t\t\t<\/div>\n\t\t\t\t<\/div>\n\t\t\t\t\t<\/div>\n\t\t<\/div>\n\t\t\t\t\t<\/div>\n\t\t<\/section>\n\t\t\t\t<\/div>\n\t\t","protected":false},"excerpt":{"rendered":"<p>Mesure de l&rsquo;efficacit\u00e9 de la d\u00e9pollution par les arbres Etude de la fonte du permafrost Re-naturalisation de berges Venue d&rsquo;eau en carri\u00e8re Sites et sols pollu\u00e9s Monitoring des mar\u00e9es sur l&rsquo;aquif\u00e8re c\u00f4tier Infiltration d&rsquo;eau sous une digure PFAS<\/p>\n","protected":false},"author":1,"featured_media":0,"parent":0,"menu_order":0,"comment_status":"closed","ping_status":"closed","template":"","meta":{"om_disable_all_campaigns":false,"_monsterinsights_skip_tracking":false,"_monsterinsights_sitenote_active":false,"_monsterinsights_sitenote_note":"","_monsterinsights_sitenote_category":0,"footnotes":""},"class_list":["post-1455","page","type-page","status-publish","hentry"],"aioseo_notices":[],"yoast_head":"<!-- This site is optimized with the Yoast SEO plugin v27.4 - https:\/\/yoast.com\/product\/yoast-seo-wordpress\/ -->\n<title>Environnement - NAGARE<\/title>\n<meta name=\"robots\" content=\"index, follow, max-snippet:-1, max-image-preview:large, max-video-preview:-1\" \/>\n<link rel=\"canonical\" href=\"http:\/\/nagare.tech\/?page_id=1455\" \/>\n<meta property=\"og:locale\" content=\"fr_FR\" \/>\n<meta property=\"og:type\" content=\"article\" \/>\n<meta property=\"og:title\" content=\"Environnement - NAGARE\" \/>\n<meta property=\"og:description\" content=\"Mesure de l&rsquo;efficacit\u00e9 de la d\u00e9pollution par les arbres Etude de la fonte du permafrost Re-naturalisation de berges Venue d&rsquo;eau en carri\u00e8re Sites et sols pollu\u00e9s Monitoring des mar\u00e9es sur l&rsquo;aquif\u00e8re c\u00f4tier Infiltration d&rsquo;eau sous une digure PFAS\" \/>\n<meta property=\"og:url\" content=\"http:\/\/nagare.tech\/?page_id=1455\" \/>\n<meta property=\"og:site_name\" content=\"NAGARE\" \/>\n<meta property=\"article:modified_time\" content=\"2023-11-17T10:30:58+00:00\" \/>\n<meta property=\"og:image\" content=\"http:\/\/nagare.tech\/wp-content\/uploads\/2023\/07\/treepump1.jpg\" \/>\n<meta name=\"twitter:card\" content=\"summary_large_image\" \/>\n<script type=\"application\/ld+json\" class=\"yoast-schema-graph\">{\"@context\":\"https:\\\/\\\/schema.org\",\"@graph\":[{\"@type\":\"WebPage\",\"@id\":\"http:\\\/\\\/nagare.tech\\\/?page_id=1455\",\"url\":\"http:\\\/\\\/nagare.tech\\\/?page_id=1455\",\"name\":\"Environnement - NAGARE\",\"isPartOf\":{\"@id\":\"http:\\\/\\\/nagare.tech\\\/#website\"},\"primaryImageOfPage\":{\"@id\":\"http:\\\/\\\/nagare.tech\\\/?page_id=1455#primaryimage\"},\"image\":{\"@id\":\"http:\\\/\\\/nagare.tech\\\/?page_id=1455#primaryimage\"},\"thumbnailUrl\":\"http:\\\/\\\/nagare.tech\\\/wp-content\\\/uploads\\\/2023\\\/07\\\/treepump1.jpg\",\"datePublished\":\"2023-08-03T09:19:45+00:00\",\"dateModified\":\"2023-11-17T10:30:58+00:00\",\"breadcrumb\":{\"@id\":\"http:\\\/\\\/nagare.tech\\\/?page_id=1455#breadcrumb\"},\"inLanguage\":\"fr-FR\",\"potentialAction\":[{\"@type\":\"ReadAction\",\"target\":[\"http:\\\/\\\/nagare.tech\\\/?page_id=1455\"]}]},{\"@type\":\"ImageObject\",\"inLanguage\":\"fr-FR\",\"@id\":\"http:\\\/\\\/nagare.tech\\\/?page_id=1455#primaryimage\",\"url\":\"http:\\\/\\\/nagare.tech\\\/wp-content\\\/uploads\\\/2023\\\/07\\\/treepump1.jpg\",\"contentUrl\":\"http:\\\/\\\/nagare.tech\\\/wp-content\\\/uploads\\\/2023\\\/07\\\/treepump1.jpg\",\"width\":462,\"height\":587},{\"@type\":\"BreadcrumbList\",\"@id\":\"http:\\\/\\\/nagare.tech\\\/?page_id=1455#breadcrumb\",\"itemListElement\":[{\"@type\":\"ListItem\",\"position\":1,\"name\":\"Accueil\",\"item\":\"http:\\\/\\\/nagare.tech\\\/\"},{\"@type\":\"ListItem\",\"position\":2,\"name\":\"Environnement\"}]},{\"@type\":\"WebSite\",\"@id\":\"http:\\\/\\\/nagare.tech\\\/#website\",\"url\":\"http:\\\/\\\/nagare.tech\\\/\",\"name\":\"NAGARE\",\"description\":\"Monitoring des flux d&#039;eau souterraines\",\"publisher\":{\"@id\":\"http:\\\/\\\/nagare.tech\\\/#organization\"},\"potentialAction\":[{\"@type\":\"SearchAction\",\"target\":{\"@type\":\"EntryPoint\",\"urlTemplate\":\"http:\\\/\\\/nagare.tech\\\/?s={search_term_string}\"},\"query-input\":{\"@type\":\"PropertyValueSpecification\",\"valueRequired\":true,\"valueName\":\"search_term_string\"}}],\"inLanguage\":\"fr-FR\"},{\"@type\":\"Organization\",\"@id\":\"http:\\\/\\\/nagare.tech\\\/#organization\",\"name\":\"NAGARE\",\"url\":\"http:\\\/\\\/nagare.tech\\\/\",\"logo\":{\"@type\":\"ImageObject\",\"inLanguage\":\"fr-FR\",\"@id\":\"http:\\\/\\\/nagare.tech\\\/#\\\/schema\\\/logo\\\/image\\\/\",\"url\":\"http:\\\/\\\/nagare.tech\\\/wp-content\\\/uploads\\\/2022\\\/09\\\/cropped-Untitled-1.gif\",\"contentUrl\":\"http:\\\/\\\/nagare.tech\\\/wp-content\\\/uploads\\\/2022\\\/09\\\/cropped-Untitled-1.gif\",\"width\":852,\"height\":852,\"caption\":\"NAGARE\"},\"image\":{\"@id\":\"http:\\\/\\\/nagare.tech\\\/#\\\/schema\\\/logo\\\/image\\\/\"}}]}<\/script>\n<!-- \/ Yoast SEO plugin. -->","yoast_head_json":{"title":"Environnement - NAGARE","robots":{"index":"index","follow":"follow","max-snippet":"max-snippet:-1","max-image-preview":"max-image-preview:large","max-video-preview":"max-video-preview:-1"},"canonical":"http:\/\/nagare.tech\/?page_id=1455","og_locale":"fr_FR","og_type":"article","og_title":"Environnement - NAGARE","og_description":"Mesure de l&rsquo;efficacit\u00e9 de la d\u00e9pollution par les arbres Etude de la fonte du permafrost Re-naturalisation de berges Venue d&rsquo;eau en carri\u00e8re Sites et sols pollu\u00e9s Monitoring des mar\u00e9es sur l&rsquo;aquif\u00e8re c\u00f4tier Infiltration d&rsquo;eau sous une digure PFAS","og_url":"http:\/\/nagare.tech\/?page_id=1455","og_site_name":"NAGARE","article_modified_time":"2023-11-17T10:30:58+00:00","og_image":[{"url":"http:\/\/nagare.tech\/wp-content\/uploads\/2023\/07\/treepump1.jpg","type":"","width":"","height":""}],"twitter_card":"summary_large_image","schema":{"@context":"https:\/\/schema.org","@graph":[{"@type":"WebPage","@id":"http:\/\/nagare.tech\/?page_id=1455","url":"http:\/\/nagare.tech\/?page_id=1455","name":"Environnement - NAGARE","isPartOf":{"@id":"http:\/\/nagare.tech\/#website"},"primaryImageOfPage":{"@id":"http:\/\/nagare.tech\/?page_id=1455#primaryimage"},"image":{"@id":"http:\/\/nagare.tech\/?page_id=1455#primaryimage"},"thumbnailUrl":"http:\/\/nagare.tech\/wp-content\/uploads\/2023\/07\/treepump1.jpg","datePublished":"2023-08-03T09:19:45+00:00","dateModified":"2023-11-17T10:30:58+00:00","breadcrumb":{"@id":"http:\/\/nagare.tech\/?page_id=1455#breadcrumb"},"inLanguage":"fr-FR","potentialAction":[{"@type":"ReadAction","target":["http:\/\/nagare.tech\/?page_id=1455"]}]},{"@type":"ImageObject","inLanguage":"fr-FR","@id":"http:\/\/nagare.tech\/?page_id=1455#primaryimage","url":"http:\/\/nagare.tech\/wp-content\/uploads\/2023\/07\/treepump1.jpg","contentUrl":"http:\/\/nagare.tech\/wp-content\/uploads\/2023\/07\/treepump1.jpg","width":462,"height":587},{"@type":"BreadcrumbList","@id":"http:\/\/nagare.tech\/?page_id=1455#breadcrumb","itemListElement":[{"@type":"ListItem","position":1,"name":"Accueil","item":"http:\/\/nagare.tech\/"},{"@type":"ListItem","position":2,"name":"Environnement"}]},{"@type":"WebSite","@id":"http:\/\/nagare.tech\/#website","url":"http:\/\/nagare.tech\/","name":"NAGARE","description":"Monitoring des flux d&#039;eau souterraines","publisher":{"@id":"http:\/\/nagare.tech\/#organization"},"potentialAction":[{"@type":"SearchAction","target":{"@type":"EntryPoint","urlTemplate":"http:\/\/nagare.tech\/?s={search_term_string}"},"query-input":{"@type":"PropertyValueSpecification","valueRequired":true,"valueName":"search_term_string"}}],"inLanguage":"fr-FR"},{"@type":"Organization","@id":"http:\/\/nagare.tech\/#organization","name":"NAGARE","url":"http:\/\/nagare.tech\/","logo":{"@type":"ImageObject","inLanguage":"fr-FR","@id":"http:\/\/nagare.tech\/#\/schema\/logo\/image\/","url":"http:\/\/nagare.tech\/wp-content\/uploads\/2022\/09\/cropped-Untitled-1.gif","contentUrl":"http:\/\/nagare.tech\/wp-content\/uploads\/2022\/09\/cropped-Untitled-1.gif","width":852,"height":852,"caption":"NAGARE"},"image":{"@id":"http:\/\/nagare.tech\/#\/schema\/logo\/image\/"}}]}},"featured_media_urls":[],"_links":{"self":[{"href":"http:\/\/nagare.tech\/index.php?rest_route=\/wp\/v2\/pages\/1455","targetHints":{"allow":["GET"]}}],"collection":[{"href":"http:\/\/nagare.tech\/index.php?rest_route=\/wp\/v2\/pages"}],"about":[{"href":"http:\/\/nagare.tech\/index.php?rest_route=\/wp\/v2\/types\/page"}],"author":[{"embeddable":true,"href":"http:\/\/nagare.tech\/index.php?rest_route=\/wp\/v2\/users\/1"}],"replies":[{"embeddable":true,"href":"http:\/\/nagare.tech\/index.php?rest_route=%2Fwp%2Fv2%2Fcomments&post=1455"}],"version-history":[{"count":41,"href":"http:\/\/nagare.tech\/index.php?rest_route=\/wp\/v2\/pages\/1455\/revisions"}],"predecessor-version":[{"id":1882,"href":"http:\/\/nagare.tech\/index.php?rest_route=\/wp\/v2\/pages\/1455\/revisions\/1882"}],"wp:attachment":[{"href":"http:\/\/nagare.tech\/index.php?rest_route=%2Fwp%2Fv2%2Fmedia&parent=1455"}],"curies":[{"name":"wp","href":"https:\/\/api.w.org\/{rel}","templated":true}]}}