{"id":1232,"date":"2023-07-25T14:54:49","date_gmt":"2023-07-25T12:54:49","guid":{"rendered":"http:\/\/nagare.tech\/?page_id=1232"},"modified":"2023-07-25T15:54:29","modified_gmt":"2023-07-25T13:54:29","slug":"optimisation-du-plan-de-monitoring-de-sites-pollues","status":"publish","type":"page","link":"http:\/\/nagare.tech\/?page_id=1232","title":{"rendered":"Optimisation du plan de monitoring de sites pollu\u00e9s"},"content":{"rendered":"\t\t<div data-elementor-type=\"wp-page\" data-elementor-id=\"1232\" class=\"elementor elementor-1232\">\n\t\t\t\t\t\t<section class=\"elementor-section elementor-top-section elementor-element elementor-element-179ac98 elementor-section-boxed elementor-section-height-default elementor-section-height-default\" data-id=\"179ac98\" data-element_type=\"section\" data-e-type=\"section\">\n\t\t\t\t\t\t<div class=\"elementor-container elementor-column-gap-default\">\n\t\t\t\t\t<div class=\"elementor-column elementor-col-100 elementor-top-column elementor-element elementor-element-ad8a835\" data-id=\"ad8a835\" data-element_type=\"column\" data-e-type=\"column\">\n\t\t\t<div class=\"elementor-widget-wrap elementor-element-populated\">\n\t\t\t\t\t\t<div class=\"elementor-element elementor-element-b289098 elementor-widget elementor-widget-text-editor\" data-id=\"b289098\" data-element_type=\"widget\" data-e-type=\"widget\" data-widget_type=\"text-editor.default\">\n\t\t\t\t<div class=\"elementor-widget-container\">\n\t\t\t\t\t\t\t\t\t<p>La technologie de Nagar\u00e9 a \u00e9t\u00e9 mise en \u0153uvre sur un site industriel bord\u00e9 par une rivi\u00e8re dans la r\u00e9gion de Bruxelles, en Belgique. L&rsquo;aquif\u00e8re alluvial est contamin\u00e9 par 8 m\u00e9taux lourds et pr\u00e9sente un risque de dispersion dans la rivi\u00e8re. L&rsquo;\u00e9valuation des risques bas\u00e9e sur la concentration n&rsquo;ayant pas permis de quantifier pr\u00e9cis\u00e9ment le risque de rejet dans la rivi\u00e8re, un plan de gestion des risques lourd et co\u00fbteux, comprenant 43 puits de surveillance \u00e9chantillonn\u00e9s deux fois par an et pendant 21 ans, a \u00e9t\u00e9 mis en \u0153uvre.<\/p>\t\t\t\t\t\t\t\t<\/div>\n\t\t\t\t<\/div>\n\t\t\t\t\t<\/div>\n\t\t<\/div>\n\t\t\t\t\t<\/div>\n\t\t<\/section>\n\t\t\t\t<section class=\"elementor-section elementor-top-section elementor-element elementor-element-84eda79 elementor-section-boxed elementor-section-height-default elementor-section-height-default\" data-id=\"84eda79\" data-element_type=\"section\" data-e-type=\"section\">\n\t\t\t\t\t\t<div class=\"elementor-container elementor-column-gap-default\">\n\t\t\t\t\t<div class=\"elementor-column elementor-col-100 elementor-top-column elementor-element elementor-element-13d299d\" data-id=\"13d299d\" data-element_type=\"column\" data-e-type=\"column\">\n\t\t\t<div class=\"elementor-widget-wrap elementor-element-populated\">\n\t\t\t\t\t\t<div class=\"elementor-element elementor-element-f2fb2c5 elementor-widget__width-initial elementor-widget elementor-widget-image\" data-id=\"f2fb2c5\" data-element_type=\"widget\" data-e-type=\"widget\" data-widget_type=\"image.default\">\n\t\t\t\t<div class=\"elementor-widget-container\">\n\t\t\t\t\t\t\t\t\t\t\t\t\t\t\t<img fetchpriority=\"high\" decoding=\"async\" width=\"950\" height=\"470\" src=\"http:\/\/nagare.tech\/wp-content\/uploads\/2023\/07\/monitoring1-1024x507.jpg\" class=\"attachment-large size-large wp-image-1234\" alt=\"\" srcset=\"http:\/\/nagare.tech\/wp-content\/uploads\/2023\/07\/monitoring1-1024x507.jpg 1024w, http:\/\/nagare.tech\/wp-content\/uploads\/2023\/07\/monitoring1-300x149.jpg 300w, http:\/\/nagare.tech\/wp-content\/uploads\/2023\/07\/monitoring1-768x380.jpg 768w, http:\/\/nagare.tech\/wp-content\/uploads\/2023\/07\/monitoring1-600x297.jpg 600w, http:\/\/nagare.tech\/wp-content\/uploads\/2023\/07\/monitoring1.jpg 1226w\" sizes=\"100vw\" \/>\t\t\t\t\t\t\t\t\t\t\t\t\t\t\t<\/div>\n\t\t\t\t<\/div>\n\t\t\t\t\t<\/div>\n\t\t<\/div>\n\t\t\t\t\t<\/div>\n\t\t<\/section>\n\t\t\t\t<section class=\"elementor-section elementor-top-section elementor-element elementor-element-f5f7dcc elementor-section-boxed elementor-section-height-default elementor-section-height-default\" data-id=\"f5f7dcc\" data-element_type=\"section\" data-e-type=\"section\">\n\t\t\t\t\t\t<div class=\"elementor-container elementor-column-gap-default\">\n\t\t\t\t\t<div class=\"elementor-column elementor-col-100 elementor-top-column elementor-element elementor-element-7ce8e1e\" data-id=\"7ce8e1e\" data-element_type=\"column\" data-e-type=\"column\">\n\t\t\t<div class=\"elementor-widget-wrap elementor-element-populated\">\n\t\t\t\t\t\t<div class=\"elementor-element elementor-element-78d083d elementor-widget elementor-widget-text-editor\" data-id=\"78d083d\" data-element_type=\"widget\" data-e-type=\"widget\" data-widget_type=\"text-editor.default\">\n\t\t\t\t<div class=\"elementor-widget-container\">\n\t\t\t\t\t\t\t\t\t<p>Les mesures de flux des eaux souterraines ont \u00e9t\u00e9 effectu\u00e9es sur 43 puits de surveillance, r\u00e9partis comme un panneau de contr\u00f4le le long de la limite du site. Ces mesures ont permis de caract\u00e9riser l&rsquo;h\u00e9t\u00e9rog\u00e9n\u00e9it\u00e9 spatiale de l&rsquo;\u00e9coulement des eaux souterraines et de quantifier le d\u00e9bit total des eaux souterraines \u00e0 travers la limite du site et alimentant la rivi\u00e8re.<\/p><div>Les flux massiques de m\u00e9taux lourds et les d\u00e9bits massiques ont \u00e9t\u00e9 calcul\u00e9s sur la base des flux d&rsquo;eaux souterraines et des concentrations de m\u00e9taux obtenus lors de la campagne de surveillance men\u00e9e par le bureau d&rsquo;\u00e9tude. L&rsquo;utilisation des d\u00e9bits massiques a permis d&rsquo;\u00e9valuer directement le risque de dispersion des m\u00e9taux lourds et de r\u00e9duire significativement le plan de monitoring en place.<\/div>\t\t\t\t\t\t\t\t<\/div>\n\t\t\t\t<\/div>\n\t\t\t\t\t<\/div>\n\t\t<\/div>\n\t\t\t\t\t<\/div>\n\t\t<\/section>\n\t\t\t\t<section class=\"elementor-section elementor-top-section elementor-element elementor-element-c3d684e elementor-section-boxed elementor-section-height-default elementor-section-height-default\" data-id=\"c3d684e\" data-element_type=\"section\" data-e-type=\"section\">\n\t\t\t\t\t\t<div class=\"elementor-container elementor-column-gap-default\">\n\t\t\t\t\t<div class=\"elementor-column elementor-col-100 elementor-top-column elementor-element elementor-element-f2fbf10\" data-id=\"f2fbf10\" data-element_type=\"column\" data-e-type=\"column\">\n\t\t\t<div class=\"elementor-widget-wrap elementor-element-populated\">\n\t\t\t\t\t\t<div class=\"elementor-element elementor-element-6faaeb4 elementor-widget elementor-widget-image\" data-id=\"6faaeb4\" data-element_type=\"widget\" data-e-type=\"widget\" data-widget_type=\"image.default\">\n\t\t\t\t<div class=\"elementor-widget-container\">\n\t\t\t\t\t\t\t\t\t\t\t\t\t\t\t<img decoding=\"async\" width=\"950\" height=\"444\" src=\"http:\/\/nagare.tech\/wp-content\/uploads\/2023\/07\/debit_massique-1024x479.jpg\" class=\"attachment-large size-large wp-image-1235\" alt=\"\" srcset=\"http:\/\/nagare.tech\/wp-content\/uploads\/2023\/07\/debit_massique-1024x479.jpg 1024w, http:\/\/nagare.tech\/wp-content\/uploads\/2023\/07\/debit_massique-300x140.jpg 300w, http:\/\/nagare.tech\/wp-content\/uploads\/2023\/07\/debit_massique-768x359.jpg 768w, http:\/\/nagare.tech\/wp-content\/uploads\/2023\/07\/debit_massique-600x281.jpg 600w, http:\/\/nagare.tech\/wp-content\/uploads\/2023\/07\/debit_massique.jpg 1208w\" sizes=\"100vw\" \/>\t\t\t\t\t\t\t\t\t\t\t\t\t\t\t<\/div>\n\t\t\t\t<\/div>\n\t\t\t\t\t<\/div>\n\t\t<\/div>\n\t\t\t\t\t<\/div>\n\t\t<\/section>\n\t\t\t\t<section class=\"elementor-section elementor-top-section elementor-element elementor-element-2be9471 elementor-section-boxed elementor-section-height-default elementor-section-height-default\" data-id=\"2be9471\" data-element_type=\"section\" data-e-type=\"section\">\n\t\t\t\t\t\t<div class=\"elementor-container elementor-column-gap-default\">\n\t\t\t\t\t<div class=\"elementor-column elementor-col-100 elementor-top-column elementor-element elementor-element-03c2189\" data-id=\"03c2189\" data-element_type=\"column\" data-e-type=\"column\">\n\t\t\t<div class=\"elementor-widget-wrap elementor-element-populated\">\n\t\t\t\t\t\t<div class=\"elementor-element elementor-element-c8be21f elementor-widget elementor-widget-text-editor\" data-id=\"c8be21f\" data-element_type=\"widget\" data-e-type=\"widget\" data-widget_type=\"text-editor.default\">\n\t\t\t\t<div class=\"elementor-widget-container\">\n\t\t\t\t\t\t\t\t\t<p>\u00a0<\/p><p>Sur les 8 m\u00e9taux pr\u00e9sents dans les eaux souterraines \u00e0 des concentrations sup\u00e9rieures \u00e0 la valeur seuil, Nagar\u00e9 a d\u00e9montr\u00e9 que seul 1 d&rsquo;entre eux est susceptible de pr\u00e9senter un risque pour la rivi\u00e8re. Selon l&rsquo;hypoth\u00e8se conservatrice la plus pessimiste, le d\u00e9bit massique total des 7 m\u00e9taux n&rsquo;est pas suffisant pour menacer la qualit\u00e9 de l&rsquo;eau de la rivi\u00e8re.<br \/>L&rsquo;approche par d\u00e9bit massique a \u00e9galement permis de mieux analyser l&rsquo;\u00e9volution temporelle de l&rsquo;importance des rejets. Une analyse de tendance\u00a0 robuste a montr\u00e9 une diminution globale de la masse totale de la d\u00e9charge des m\u00e9taux depuis 2014, ce qui \u00e9tait impossible \u00e0 prouver jusqu&rsquo;\u00e0 pr\u00e9sent sur la base des seules concentrations.<\/p>\t\t\t\t\t\t\t\t<\/div>\n\t\t\t\t<\/div>\n\t\t\t\t\t<\/div>\n\t\t<\/div>\n\t\t\t\t\t<\/div>\n\t\t<\/section>\n\t\t\t\t<section class=\"elementor-section elementor-top-section elementor-element elementor-element-ce481ad elementor-section-boxed elementor-section-height-default elementor-section-height-default\" data-id=\"ce481ad\" data-element_type=\"section\" data-e-type=\"section\">\n\t\t\t\t\t\t<div class=\"elementor-container elementor-column-gap-default\">\n\t\t\t\t\t<div class=\"elementor-column elementor-col-100 elementor-top-column elementor-element elementor-element-a1b3460\" data-id=\"a1b3460\" data-element_type=\"column\" data-e-type=\"column\">\n\t\t\t<div class=\"elementor-widget-wrap elementor-element-populated\">\n\t\t\t\t\t\t<div class=\"elementor-element elementor-element-068c948 elementor-widget elementor-widget-text-editor\" data-id=\"068c948\" data-element_type=\"widget\" data-e-type=\"widget\" data-widget_type=\"text-editor.default\">\n\t\t\t\t<div class=\"elementor-widget-container\">\n\t\t\t\t\t\t\t\t\t<p>\u00c9tant donn\u00e9 qu&rsquo;un seul m\u00e9tal pr\u00e9sente un risque pour la rivi\u00e8re, que l&rsquo;analyse des tendances a montr\u00e9 une diminution des rejets globaux et que la variabilit\u00e9 spatiale des rejets de m\u00e9taux dans les eaux souterraines a \u00e9t\u00e9 caract\u00e9ris\u00e9e, il a \u00e9t\u00e9 possible d&rsquo;optimiser le plan de surveillance en cours.<br>Nagar\u00e9 a ainsi permis de r\u00e9duire le nombre de pi\u00e9zom\u00e8tres \u00e0 monitorer en se focalisant uniquement sur les pi\u00e9zom\u00e8tres localis\u00e9s dans la zone de fortes d\u00e9charges. La dur\u00e9e du monitoring a \u00e9galement pu \u00eatre r\u00e9duite de plus de 50% gr\u00e2ce \u00e0 l&rsquo;analyse de tendance robuste obtenue par les donn\u00e9es des d\u00e9bits massiques.&nbsp;<\/p><p>Sur l&rsquo;ensemble de l&rsquo;\u00e9tude, Nagar\u00e9 a ainsi permis d&rsquo;<b>\u00e9conomiser 70 % du co\u00fbt total<\/b> du plan de monitoring initial.<br><\/p>\t\t\t\t\t\t\t\t<\/div>\n\t\t\t\t<\/div>\n\t\t\t\t\t<\/div>\n\t\t<\/div>\n\t\t\t\t\t<\/div>\n\t\t<\/section>\n\t\t\t\t<section class=\"elementor-section elementor-top-section elementor-element elementor-element-08c5a02 elementor-section-boxed elementor-section-height-default elementor-section-height-default\" data-id=\"08c5a02\" data-element_type=\"section\" data-e-type=\"section\">\n\t\t\t\t\t\t<div class=\"elementor-container elementor-column-gap-default\">\n\t\t\t\t\t<div class=\"elementor-column elementor-col-50 elementor-top-column elementor-element elementor-element-f2dbc58\" data-id=\"f2dbc58\" data-element_type=\"column\" data-e-type=\"column\">\n\t\t\t<div class=\"elementor-widget-wrap elementor-element-populated\">\n\t\t\t\t\t\t<div class=\"elementor-element elementor-element-cacb9d6 elementor-widget elementor-widget-image\" data-id=\"cacb9d6\" data-element_type=\"widget\" data-e-type=\"widget\" data-widget_type=\"image.default\">\n\t\t\t\t<div class=\"elementor-widget-container\">\n\t\t\t\t\t\t\t\t\t\t\t\t\t\t\t<img decoding=\"async\" width=\"768\" height=\"1024\" src=\"http:\/\/nagare.tech\/wp-content\/uploads\/2023\/07\/20211005_140351-768x1024.jpg\" class=\"attachment-large size-large wp-image-1251\" alt=\"\" srcset=\"http:\/\/nagare.tech\/wp-content\/uploads\/2023\/07\/20211005_140351-768x1024.jpg 768w, http:\/\/nagare.tech\/wp-content\/uploads\/2023\/07\/20211005_140351-225x300.jpg 225w, http:\/\/nagare.tech\/wp-content\/uploads\/2023\/07\/20211005_140351-1152x1536.jpg 1152w, http:\/\/nagare.tech\/wp-content\/uploads\/2023\/07\/20211005_140351-1536x2048.jpg 1536w, http:\/\/nagare.tech\/wp-content\/uploads\/2023\/07\/20211005_140351-2000x2667.jpg 2000w, http:\/\/nagare.tech\/wp-content\/uploads\/2023\/07\/20211005_140351-600x800.jpg 600w, http:\/\/nagare.tech\/wp-content\/uploads\/2023\/07\/20211005_140351-scaled.jpg 1920w\" sizes=\"100vw\" \/>\t\t\t\t\t\t\t\t\t\t\t\t\t\t\t<\/div>\n\t\t\t\t<\/div>\n\t\t\t\t\t<\/div>\n\t\t<\/div>\n\t\t\t\t<div class=\"elementor-column elementor-col-50 elementor-top-column elementor-element elementor-element-8cfbaa2\" data-id=\"8cfbaa2\" data-element_type=\"column\" data-e-type=\"column\">\n\t\t\t<div class=\"elementor-widget-wrap\">\n\t\t\t\t\t\t\t<\/div>\n\t\t<\/div>\n\t\t\t\t\t<\/div>\n\t\t<\/section>\n\t\t\t\t<\/div>\n\t\t","protected":false},"excerpt":{"rendered":"<p>La technologie de Nagar\u00e9 a \u00e9t\u00e9 mise en \u0153uvre sur un site industriel bord\u00e9 par une rivi\u00e8re dans la r\u00e9gion de Bruxelles, en Belgique. L&rsquo;aquif\u00e8re alluvial est contamin\u00e9 par 8 m\u00e9taux lourds et pr\u00e9sente un risque de dispersion dans la rivi\u00e8re. L&rsquo;\u00e9valuation des risques bas\u00e9e sur la concentration n&rsquo;ayant pas permis de quantifier pr\u00e9cis\u00e9ment le &hellip; <\/p>\n<p class=\"link-more\"><a href=\"http:\/\/nagare.tech\/?page_id=1232\" class=\"more-link\">Lire la suite de<span class=\"screen-reader-text\">\u00ab\u00a0Optimisation du plan de monitoring de sites pollu\u00e9s\u00a0\u00bb<\/span><\/a><\/p>\n","protected":false},"author":1,"featured_media":0,"parent":0,"menu_order":0,"comment_status":"closed","ping_status":"closed","template":"","meta":{"om_disable_all_campaigns":false,"_monsterinsights_skip_tracking":false,"_monsterinsights_sitenote_active":false,"_monsterinsights_sitenote_note":"","_monsterinsights_sitenote_category":0,"footnotes":""},"class_list":["post-1232","page","type-page","status-publish","hentry"],"aioseo_notices":[],"yoast_head":"<!-- This site is optimized with the Yoast SEO plugin v27.4 - https:\/\/yoast.com\/product\/yoast-seo-wordpress\/ -->\n<title>Optimisation du plan de monitoring de sites pollu\u00e9s - NAGARE<\/title>\n<meta name=\"robots\" content=\"index, follow, max-snippet:-1, max-image-preview:large, max-video-preview:-1\" \/>\n<link rel=\"canonical\" href=\"http:\/\/nagare.tech\/?page_id=1232\" \/>\n<meta property=\"og:locale\" content=\"fr_FR\" \/>\n<meta property=\"og:type\" content=\"article\" \/>\n<meta property=\"og:title\" content=\"Optimisation du plan de monitoring de sites pollu\u00e9s - NAGARE\" \/>\n<meta property=\"og:description\" content=\"La technologie de Nagar\u00e9 a \u00e9t\u00e9 mise en \u0153uvre sur un site industriel bord\u00e9 par une rivi\u00e8re dans la r\u00e9gion de Bruxelles, en Belgique. L&rsquo;aquif\u00e8re alluvial est contamin\u00e9 par 8 m\u00e9taux lourds et pr\u00e9sente un risque de dispersion dans la rivi\u00e8re. L&rsquo;\u00e9valuation des risques bas\u00e9e sur la concentration n&rsquo;ayant pas permis de quantifier pr\u00e9cis\u00e9ment le &hellip; Lire la suite de\u00ab\u00a0Optimisation du plan de monitoring de sites pollu\u00e9s\u00a0\u00bb\" \/>\n<meta property=\"og:url\" content=\"http:\/\/nagare.tech\/?page_id=1232\" \/>\n<meta property=\"og:site_name\" content=\"NAGARE\" \/>\n<meta property=\"article:modified_time\" content=\"2023-07-25T13:54:29+00:00\" \/>\n<meta property=\"og:image\" content=\"http:\/\/nagare.tech\/wp-content\/uploads\/2023\/07\/monitoring1-1024x507.jpg\" \/>\n<meta name=\"twitter:card\" content=\"summary_large_image\" \/>\n<meta name=\"twitter:label1\" content=\"Dur\u00e9e de lecture estim\u00e9e\" \/>\n\t<meta name=\"twitter:data1\" content=\"2 minutes\" \/>\n<script type=\"application\/ld+json\" class=\"yoast-schema-graph\">{\"@context\":\"https:\\\/\\\/schema.org\",\"@graph\":[{\"@type\":\"WebPage\",\"@id\":\"http:\\\/\\\/nagare.tech\\\/?page_id=1232\",\"url\":\"http:\\\/\\\/nagare.tech\\\/?page_id=1232\",\"name\":\"Optimisation du plan de monitoring de sites pollu\u00e9s - NAGARE\",\"isPartOf\":{\"@id\":\"http:\\\/\\\/nagare.tech\\\/#website\"},\"primaryImageOfPage\":{\"@id\":\"http:\\\/\\\/nagare.tech\\\/?page_id=1232#primaryimage\"},\"image\":{\"@id\":\"http:\\\/\\\/nagare.tech\\\/?page_id=1232#primaryimage\"},\"thumbnailUrl\":\"http:\\\/\\\/nagare.tech\\\/wp-content\\\/uploads\\\/2023\\\/07\\\/monitoring1-1024x507.jpg\",\"datePublished\":\"2023-07-25T12:54:49+00:00\",\"dateModified\":\"2023-07-25T13:54:29+00:00\",\"breadcrumb\":{\"@id\":\"http:\\\/\\\/nagare.tech\\\/?page_id=1232#breadcrumb\"},\"inLanguage\":\"fr-FR\",\"potentialAction\":[{\"@type\":\"ReadAction\",\"target\":[\"http:\\\/\\\/nagare.tech\\\/?page_id=1232\"]}]},{\"@type\":\"ImageObject\",\"inLanguage\":\"fr-FR\",\"@id\":\"http:\\\/\\\/nagare.tech\\\/?page_id=1232#primaryimage\",\"url\":\"http:\\\/\\\/nagare.tech\\\/wp-content\\\/uploads\\\/2023\\\/07\\\/monitoring1.jpg\",\"contentUrl\":\"http:\\\/\\\/nagare.tech\\\/wp-content\\\/uploads\\\/2023\\\/07\\\/monitoring1.jpg\",\"width\":1226,\"height\":607},{\"@type\":\"BreadcrumbList\",\"@id\":\"http:\\\/\\\/nagare.tech\\\/?page_id=1232#breadcrumb\",\"itemListElement\":[{\"@type\":\"ListItem\",\"position\":1,\"name\":\"Accueil\",\"item\":\"http:\\\/\\\/nagare.tech\\\/\"},{\"@type\":\"ListItem\",\"position\":2,\"name\":\"Optimisation du plan de monitoring de sites pollu\u00e9s\"}]},{\"@type\":\"WebSite\",\"@id\":\"http:\\\/\\\/nagare.tech\\\/#website\",\"url\":\"http:\\\/\\\/nagare.tech\\\/\",\"name\":\"NAGARE\",\"description\":\"Monitoring des flux d&#039;eau souterraines\",\"publisher\":{\"@id\":\"http:\\\/\\\/nagare.tech\\\/#organization\"},\"potentialAction\":[{\"@type\":\"SearchAction\",\"target\":{\"@type\":\"EntryPoint\",\"urlTemplate\":\"http:\\\/\\\/nagare.tech\\\/?s={search_term_string}\"},\"query-input\":{\"@type\":\"PropertyValueSpecification\",\"valueRequired\":true,\"valueName\":\"search_term_string\"}}],\"inLanguage\":\"fr-FR\"},{\"@type\":\"Organization\",\"@id\":\"http:\\\/\\\/nagare.tech\\\/#organization\",\"name\":\"NAGARE\",\"url\":\"http:\\\/\\\/nagare.tech\\\/\",\"logo\":{\"@type\":\"ImageObject\",\"inLanguage\":\"fr-FR\",\"@id\":\"http:\\\/\\\/nagare.tech\\\/#\\\/schema\\\/logo\\\/image\\\/\",\"url\":\"http:\\\/\\\/nagare.tech\\\/wp-content\\\/uploads\\\/2022\\\/09\\\/cropped-Untitled-1.gif\",\"contentUrl\":\"http:\\\/\\\/nagare.tech\\\/wp-content\\\/uploads\\\/2022\\\/09\\\/cropped-Untitled-1.gif\",\"width\":852,\"height\":852,\"caption\":\"NAGARE\"},\"image\":{\"@id\":\"http:\\\/\\\/nagare.tech\\\/#\\\/schema\\\/logo\\\/image\\\/\"}}]}<\/script>\n<!-- \/ Yoast SEO plugin. -->","yoast_head_json":{"title":"Optimisation du plan de monitoring de sites pollu\u00e9s - NAGARE","robots":{"index":"index","follow":"follow","max-snippet":"max-snippet:-1","max-image-preview":"max-image-preview:large","max-video-preview":"max-video-preview:-1"},"canonical":"http:\/\/nagare.tech\/?page_id=1232","og_locale":"fr_FR","og_type":"article","og_title":"Optimisation du plan de monitoring de sites pollu\u00e9s - NAGARE","og_description":"La technologie de Nagar\u00e9 a \u00e9t\u00e9 mise en \u0153uvre sur un site industriel bord\u00e9 par une rivi\u00e8re dans la r\u00e9gion de Bruxelles, en Belgique. L&rsquo;aquif\u00e8re alluvial est contamin\u00e9 par 8 m\u00e9taux lourds et pr\u00e9sente un risque de dispersion dans la rivi\u00e8re. L&rsquo;\u00e9valuation des risques bas\u00e9e sur la concentration n&rsquo;ayant pas permis de quantifier pr\u00e9cis\u00e9ment le &hellip; Lire la suite de\u00ab\u00a0Optimisation du plan de monitoring de sites pollu\u00e9s\u00a0\u00bb","og_url":"http:\/\/nagare.tech\/?page_id=1232","og_site_name":"NAGARE","article_modified_time":"2023-07-25T13:54:29+00:00","og_image":[{"url":"http:\/\/nagare.tech\/wp-content\/uploads\/2023\/07\/monitoring1-1024x507.jpg","type":"","width":"","height":""}],"twitter_card":"summary_large_image","twitter_misc":{"Dur\u00e9e de lecture estim\u00e9e":"2 minutes"},"schema":{"@context":"https:\/\/schema.org","@graph":[{"@type":"WebPage","@id":"http:\/\/nagare.tech\/?page_id=1232","url":"http:\/\/nagare.tech\/?page_id=1232","name":"Optimisation du plan de monitoring de sites pollu\u00e9s - NAGARE","isPartOf":{"@id":"http:\/\/nagare.tech\/#website"},"primaryImageOfPage":{"@id":"http:\/\/nagare.tech\/?page_id=1232#primaryimage"},"image":{"@id":"http:\/\/nagare.tech\/?page_id=1232#primaryimage"},"thumbnailUrl":"http:\/\/nagare.tech\/wp-content\/uploads\/2023\/07\/monitoring1-1024x507.jpg","datePublished":"2023-07-25T12:54:49+00:00","dateModified":"2023-07-25T13:54:29+00:00","breadcrumb":{"@id":"http:\/\/nagare.tech\/?page_id=1232#breadcrumb"},"inLanguage":"fr-FR","potentialAction":[{"@type":"ReadAction","target":["http:\/\/nagare.tech\/?page_id=1232"]}]},{"@type":"ImageObject","inLanguage":"fr-FR","@id":"http:\/\/nagare.tech\/?page_id=1232#primaryimage","url":"http:\/\/nagare.tech\/wp-content\/uploads\/2023\/07\/monitoring1.jpg","contentUrl":"http:\/\/nagare.tech\/wp-content\/uploads\/2023\/07\/monitoring1.jpg","width":1226,"height":607},{"@type":"BreadcrumbList","@id":"http:\/\/nagare.tech\/?page_id=1232#breadcrumb","itemListElement":[{"@type":"ListItem","position":1,"name":"Accueil","item":"http:\/\/nagare.tech\/"},{"@type":"ListItem","position":2,"name":"Optimisation du plan de monitoring de sites pollu\u00e9s"}]},{"@type":"WebSite","@id":"http:\/\/nagare.tech\/#website","url":"http:\/\/nagare.tech\/","name":"NAGARE","description":"Monitoring des flux d&#039;eau souterraines","publisher":{"@id":"http:\/\/nagare.tech\/#organization"},"potentialAction":[{"@type":"SearchAction","target":{"@type":"EntryPoint","urlTemplate":"http:\/\/nagare.tech\/?s={search_term_string}"},"query-input":{"@type":"PropertyValueSpecification","valueRequired":true,"valueName":"search_term_string"}}],"inLanguage":"fr-FR"},{"@type":"Organization","@id":"http:\/\/nagare.tech\/#organization","name":"NAGARE","url":"http:\/\/nagare.tech\/","logo":{"@type":"ImageObject","inLanguage":"fr-FR","@id":"http:\/\/nagare.tech\/#\/schema\/logo\/image\/","url":"http:\/\/nagare.tech\/wp-content\/uploads\/2022\/09\/cropped-Untitled-1.gif","contentUrl":"http:\/\/nagare.tech\/wp-content\/uploads\/2022\/09\/cropped-Untitled-1.gif","width":852,"height":852,"caption":"NAGARE"},"image":{"@id":"http:\/\/nagare.tech\/#\/schema\/logo\/image\/"}}]}},"featured_media_urls":[],"_links":{"self":[{"href":"http:\/\/nagare.tech\/index.php?rest_route=\/wp\/v2\/pages\/1232","targetHints":{"allow":["GET"]}}],"collection":[{"href":"http:\/\/nagare.tech\/index.php?rest_route=\/wp\/v2\/pages"}],"about":[{"href":"http:\/\/nagare.tech\/index.php?rest_route=\/wp\/v2\/types\/page"}],"author":[{"embeddable":true,"href":"http:\/\/nagare.tech\/index.php?rest_route=\/wp\/v2\/users\/1"}],"replies":[{"embeddable":true,"href":"http:\/\/nagare.tech\/index.php?rest_route=%2Fwp%2Fv2%2Fcomments&post=1232"}],"version-history":[{"count":10,"href":"http:\/\/nagare.tech\/index.php?rest_route=\/wp\/v2\/pages\/1232\/revisions"}],"predecessor-version":[{"id":1274,"href":"http:\/\/nagare.tech\/index.php?rest_route=\/wp\/v2\/pages\/1232\/revisions\/1274"}],"wp:attachment":[{"href":"http:\/\/nagare.tech\/index.php?rest_route=%2Fwp%2Fv2%2Fmedia&parent=1232"}],"curies":[{"name":"wp","href":"https:\/\/api.w.org\/{rel}","templated":true}]}}